{"id":1147,"date":"2021-05-05T10:11:25","date_gmt":"2021-05-05T10:11:25","guid":{"rendered":"https:\/\/seeackerschule-fuerth.de\/?page_id=1147"},"modified":"2025-04-07T09:08:42","modified_gmt":"2025-04-07T09:08:42","slug":"sportprojekt-step-kickt","status":"publish","type":"page","link":"https:\/\/seeackerschule-fuerth.de\/?page_id=1147","title":{"rendered":"Sportprojekt step-kickt!"},"content":{"rendered":"\t\t<div data-elementor-type=\"wp-page\" data-elementor-id=\"1147\" class=\"elementor elementor-1147\" data-elementor-settings=\"[]\">\n\t\t\t\t\t\t<div class=\"elementor-inner\">\n\t\t\t\t\t\t\t<div class=\"elementor-section-wrap\">\n\t\t\t\t\t\t\t<section class=\"elementor-section elementor-top-section elementor-element elementor-element-93ba900 elementor-section-boxed elementor-section-height-default elementor-section-height-default\" data-id=\"93ba900\" data-element_type=\"section\">\n\t\t\t\t\t\t<div class=\"elementor-container elementor-column-gap-default\">\n\t\t\t\t\t\t\t<div class=\"elementor-row\">\n\t\t\t\t\t<div class=\"elementor-column elementor-col-100 elementor-top-column elementor-element elementor-element-d65fa8e\" data-id=\"d65fa8e\" data-element_type=\"column\">\n\t\t\t<div class=\"elementor-column-wrap elementor-element-populated\">\n\t\t\t\t\t\t\t<div class=\"elementor-widget-wrap\">\n\t\t\t\t\t\t<div class=\"elementor-element elementor-element-f9c3a23 elementor-widget elementor-widget-heading\" data-id=\"f9c3a23\" data-element_type=\"widget\" data-widget_type=\"heading.default\">\n\t\t\t\t<div class=\"elementor-widget-container\">\n\t\t\t<h2 class=\"elementor-heading-title elementor-size-medium\">Sch\u00fclerb\u00fccherei<\/h2>\t\t<\/div>\n\t\t\t\t<\/div>\n\t\t\t\t<div class=\"elementor-element elementor-element-72a3b0b elementor-widget elementor-widget-text-editor\" data-id=\"72a3b0b\" data-element_type=\"widget\" data-widget_type=\"text-editor.default\">\n\t\t\t\t<div class=\"elementor-widget-container\">\n\t\t\t\t\t<div class=\"elementor-text-editor elementor-clearfix\"><p>Mit unserer Sch\u00fclerb\u00fccherei ist ein gem\u00fctlicher Ort entstanden, an dem jede Woche flei\u00dfig gelesen wird. Es gibt die M\u00f6glichkeit sich \u00fcber Gelesenes auszutauschen, B\u00fccherr\u00e4tsel zu l\u00f6sen und sich B\u00fccher auszuleihen.<\/p><p class=\"MsoNormal\">Ein gro\u00dfes Dankesch\u00f6n gilt unserem F\u00f6rderverein, dem Elternbeirat und allen Spendern, die es erm\u00f6glichen den Buchbestand stetig zu<br \/>erweitern.\u00a0<\/p><\/div>\n\t\t\t\t<\/div>\n\t\t\t\t<\/div>\n\t\t\t\t\t\t<\/div>\n\t\t\t\t\t<\/div>\n\t\t<\/div>\n\t\t\t\t\t\t\t\t<\/div>\n\t\t\t\t\t<\/div>\n\t\t<\/section>\n\t\t\t\t<section class=\"elementor-section elementor-top-section elementor-element elementor-element-3cb988d elementor-section-boxed elementor-section-height-default elementor-section-height-default\" data-id=\"3cb988d\" data-element_type=\"section\">\n\t\t\t\t\t\t<div class=\"elementor-container elementor-column-gap-default\">\n\t\t\t\t\t\t\t<div class=\"elementor-row\">\n\t\t\t\t\t\t\t\t\t<\/div>\n\t\t\t\t\t<\/div>\n\t\t<\/section>\n\t\t\t\t<section class=\"elementor-section elementor-top-section elementor-element elementor-element-7c24ddd elementor-section-boxed elementor-section-height-default elementor-section-height-default\" data-id=\"7c24ddd\" data-element_type=\"section\">\n\t\t\t\t\t\t<div class=\"elementor-container elementor-column-gap-default\">\n\t\t\t\t\t\t\t<div class=\"elementor-row\">\n\t\t\t\t\t<div class=\"elementor-column elementor-col-33 elementor-top-column elementor-element elementor-element-35f4826\" data-id=\"35f4826\" data-element_type=\"column\">\n\t\t\t<div class=\"elementor-column-wrap elementor-element-populated\">\n\t\t\t\t\t\t\t<div class=\"elementor-widget-wrap\">\n\t\t\t\t\t\t<div class=\"elementor-element elementor-element-265d1f4 elementor-widget elementor-widget-image\" data-id=\"265d1f4\" data-element_type=\"widget\" data-widget_type=\"image.default\">\n\t\t\t\t<div class=\"elementor-widget-container\">\n\t\t\t\t\t<div class=\"elementor-image\">\n\t\t\t\t\t\t\t\t\t\t<img width=\"300\" height=\"225\" src=\"https:\/\/seeackerschule-fuerth.de\/wp-content\/uploads\/2023\/06\/IMG_8220-300x225.jpg\" class=\"attachment-medium size-medium\" alt=\"\" loading=\"lazy\" srcset=\"https:\/\/seeackerschule-fuerth.de\/wp-content\/uploads\/2023\/06\/IMG_8220-300x225.jpg 300w, https:\/\/seeackerschule-fuerth.de\/wp-content\/uploads\/2023\/06\/IMG_8220-1024x768.jpg 1024w, https:\/\/seeackerschule-fuerth.de\/wp-content\/uploads\/2023\/06\/IMG_8220-768x576.jpg 768w, https:\/\/seeackerschule-fuerth.de\/wp-content\/uploads\/2023\/06\/IMG_8220-1536x1152.jpg 1536w, https:\/\/seeackerschule-fuerth.de\/wp-content\/uploads\/2023\/06\/IMG_8220-2048x1536.jpg 2048w\" sizes=\"(max-width: 300px) 100vw, 300px\" \/>\t\t\t\t\t\t\t\t\t\t\t<\/div>\n\t\t\t\t<\/div>\n\t\t\t\t<\/div>\n\t\t\t\t\t\t<\/div>\n\t\t\t\t\t<\/div>\n\t\t<\/div>\n\t\t\t\t<div class=\"elementor-column elementor-col-33 elementor-top-column elementor-element elementor-element-51a57c3\" data-id=\"51a57c3\" data-element_type=\"column\">\n\t\t\t<div class=\"elementor-column-wrap elementor-element-populated\">\n\t\t\t\t\t\t\t<div class=\"elementor-widget-wrap\">\n\t\t\t\t\t\t<div class=\"elementor-element elementor-element-1a35d87 elementor-widget elementor-widget-image\" data-id=\"1a35d87\" data-element_type=\"widget\" data-widget_type=\"image.default\">\n\t\t\t\t<div class=\"elementor-widget-container\">\n\t\t\t\t\t<div class=\"elementor-image\">\n\t\t\t\t\t\t\t\t\t\t<img width=\"300\" height=\"225\" src=\"https:\/\/seeackerschule-fuerth.de\/wp-content\/uploads\/2023\/06\/IMG_8221-300x225.jpg\" class=\"attachment-medium size-medium\" alt=\"\" loading=\"lazy\" srcset=\"https:\/\/seeackerschule-fuerth.de\/wp-content\/uploads\/2023\/06\/IMG_8221-300x225.jpg 300w, https:\/\/seeackerschule-fuerth.de\/wp-content\/uploads\/2023\/06\/IMG_8221-1024x768.jpg 1024w, https:\/\/seeackerschule-fuerth.de\/wp-content\/uploads\/2023\/06\/IMG_8221-768x576.jpg 768w, https:\/\/seeackerschule-fuerth.de\/wp-content\/uploads\/2023\/06\/IMG_8221-1536x1152.jpg 1536w, https:\/\/seeackerschule-fuerth.de\/wp-content\/uploads\/2023\/06\/IMG_8221-2048x1536.jpg 2048w\" sizes=\"(max-width: 300px) 100vw, 300px\" \/>\t\t\t\t\t\t\t\t\t\t\t<\/div>\n\t\t\t\t<\/div>\n\t\t\t\t<\/div>\n\t\t\t\t\t\t<\/div>\n\t\t\t\t\t<\/div>\n\t\t<\/div>\n\t\t\t\t<div class=\"elementor-column elementor-col-33 elementor-top-column elementor-element elementor-element-d7a79d6\" data-id=\"d7a79d6\" data-element_type=\"column\">\n\t\t\t<div class=\"elementor-column-wrap elementor-element-populated\">\n\t\t\t\t\t\t\t<div class=\"elementor-widget-wrap\">\n\t\t\t\t\t\t<div class=\"elementor-element elementor-element-0f83ce4 elementor-widget elementor-widget-image\" data-id=\"0f83ce4\" data-element_type=\"widget\" data-widget_type=\"image.default\">\n\t\t\t\t<div class=\"elementor-widget-container\">\n\t\t\t\t\t<div class=\"elementor-image\">\n\t\t\t\t\t\t\t\t\t\t<img width=\"300\" height=\"225\" src=\"https:\/\/seeackerschule-fuerth.de\/wp-content\/uploads\/2023\/06\/IMG_8222-300x225.jpg\" class=\"attachment-medium size-medium\" alt=\"\" loading=\"lazy\" srcset=\"https:\/\/seeackerschule-fuerth.de\/wp-content\/uploads\/2023\/06\/IMG_8222-300x225.jpg 300w, https:\/\/seeackerschule-fuerth.de\/wp-content\/uploads\/2023\/06\/IMG_8222-1024x768.jpg 1024w, https:\/\/seeackerschule-fuerth.de\/wp-content\/uploads\/2023\/06\/IMG_8222-768x576.jpg 768w, https:\/\/seeackerschule-fuerth.de\/wp-content\/uploads\/2023\/06\/IMG_8222-1536x1152.jpg 1536w, https:\/\/seeackerschule-fuerth.de\/wp-content\/uploads\/2023\/06\/IMG_8222-2048x1536.jpg 2048w\" sizes=\"(max-width: 300px) 100vw, 300px\" \/>\t\t\t\t\t\t\t\t\t\t\t<\/div>\n\t\t\t\t<\/div>\n\t\t\t\t<\/div>\n\t\t\t\t\t\t<\/div>\n\t\t\t\t\t<\/div>\n\t\t<\/div>\n\t\t\t\t\t\t\t\t<\/div>\n\t\t\t\t\t<\/div>\n\t\t<\/section>\n\t\t\t\t<section class=\"elementor-section elementor-top-section elementor-element elementor-element-56897b8 elementor-section-boxed elementor-section-height-default elementor-section-height-default\" data-id=\"56897b8\" data-element_type=\"section\">\n\t\t\t\t\t\t<div class=\"elementor-container elementor-column-gap-default\">\n\t\t\t\t\t\t\t<div class=\"elementor-row\">\n\t\t\t\t\t<div class=\"elementor-column elementor-col-100 elementor-top-column elementor-element elementor-element-ccbb2ec\" data-id=\"ccbb2ec\" data-element_type=\"column\">\n\t\t\t<div class=\"elementor-column-wrap elementor-element-populated\">\n\t\t\t\t\t\t\t<div class=\"elementor-widget-wrap\">\n\t\t\t\t\t\t<div class=\"elementor-element elementor-element-e12f8fc elementor-widget elementor-widget-heading\" data-id=\"e12f8fc\" data-element_type=\"widget\" data-widget_type=\"heading.default\">\n\t\t\t\t<div class=\"elementor-widget-container\">\n\t\t\t<h2 class=\"elementor-heading-title elementor-size-default\">B\u00fccher-Tausch-Regal er\u00f6ffnet!<\/h2>\t\t<\/div>\n\t\t\t\t<\/div>\n\t\t\t\t\t\t<\/div>\n\t\t\t\t\t<\/div>\n\t\t<\/div>\n\t\t\t\t\t\t\t\t<\/div>\n\t\t\t\t\t<\/div>\n\t\t<\/section>\n\t\t\t\t<section class=\"elementor-section elementor-top-section elementor-element elementor-element-9a9d312 elementor-section-boxed elementor-section-height-default elementor-section-height-default\" data-id=\"9a9d312\" data-element_type=\"section\">\n\t\t\t\t\t\t<div class=\"elementor-container elementor-column-gap-default\">\n\t\t\t\t\t\t\t<div class=\"elementor-row\">\n\t\t\t\t\t<div class=\"elementor-column elementor-col-100 elementor-top-column elementor-element elementor-element-aab02e1\" data-id=\"aab02e1\" data-element_type=\"column\">\n\t\t\t<div class=\"elementor-column-wrap elementor-element-populated\">\n\t\t\t\t\t\t\t<div class=\"elementor-widget-wrap\">\n\t\t\t\t\t\t<div class=\"elementor-element elementor-element-55ecb0c elementor-widget elementor-widget-text-editor\" data-id=\"55ecb0c\" data-element_type=\"widget\" data-widget_type=\"text-editor.default\">\n\t\t\t\t<div class=\"elementor-widget-container\">\n\t\t\t\t\t<div class=\"elementor-text-editor elementor-clearfix\"><p>Es ist soweit: Die B\u00fccher AG er\u00f6ffnet das B\u00fccher \u2013 Tausch \u2013 Regal an der Grundschule Seeackerstra\u00dfe.<\/p><p>Unsere Sch\u00fclerinnen und Sch\u00fcler k\u00f6nnen nun im B\u00fccherregal st\u00f6bern und sich ein passendes Buch mit nach Hause nehmen, wenn sie im Austausch hierf\u00fcr ein anderes Buch in das Regal stellen.<\/p><p>Es ist eine gro\u00dfartige M\u00f6glichkeit, die Lesef\u00f6rderung der Kinder und gleichzeitig das Bewusstsein f\u00fcr Nachhaltigkeit zu st\u00e4rken.<\/p><p>Wir m\u00f6chten uns ganz herzlich bei allen Eltern und Erziehungsberechtigten f\u00fcr die gro\u00dfz\u00fcgigen B\u00fccherspenden bedanken! Dank Ihrer Hilfe k\u00f6nnen wir unseren Sch\u00fclerinnen und Sch\u00fclern eine abwechslungsreiche Auswahl an B\u00fcchern bieten.<\/p><p>Ein besonderer Dank geht auch an Hugendubel sowie die Volksb\u00fccherei F\u00fcrth Finkenschlag und die Zweigstelle Stadeln, die mit ihrer Spende unser B\u00fccherregal enorm bereichern<\/p><\/div>\n\t\t\t\t<\/div>\n\t\t\t\t<\/div>\n\t\t\t\t\t\t<\/div>\n\t\t\t\t\t<\/div>\n\t\t<\/div>\n\t\t\t\t\t\t\t\t<\/div>\n\t\t\t\t\t<\/div>\n\t\t<\/section>\n\t\t\t\t<section class=\"elementor-section elementor-top-section elementor-element elementor-element-ee819f4 elementor-section-boxed elementor-section-height-default elementor-section-height-default\" data-id=\"ee819f4\" data-element_type=\"section\">\n\t\t\t\t\t\t<div class=\"elementor-container elementor-column-gap-default\">\n\t\t\t\t\t\t\t<div class=\"elementor-row\">\n\t\t\t\t\t<div class=\"elementor-column elementor-col-100 elementor-top-column elementor-element elementor-element-5fdf024\" data-id=\"5fdf024\" data-element_type=\"column\">\n\t\t\t<div class=\"elementor-column-wrap elementor-element-populated\">\n\t\t\t\t\t\t\t<div class=\"elementor-widget-wrap\">\n\t\t\t\t\t\t<div class=\"elementor-element elementor-element-017b676 elementor-widget elementor-widget-image\" data-id=\"017b676\" data-element_type=\"widget\" data-widget_type=\"image.default\">\n\t\t\t\t<div class=\"elementor-widget-container\">\n\t\t\t\t\t<div class=\"elementor-image\">\n\t\t\t\t\t\t\t\t\t\t<img width=\"225\" height=\"300\" src=\"https:\/\/seeackerschule-fuerth.de\/wp-content\/uploads\/2025\/04\/Bild-Buecher-Tausch-Regal-1-225x300.jpg\" class=\"attachment-medium size-medium\" alt=\"\" loading=\"lazy\" srcset=\"https:\/\/seeackerschule-fuerth.de\/wp-content\/uploads\/2025\/04\/Bild-Buecher-Tausch-Regal-1-225x300.jpg 225w, https:\/\/seeackerschule-fuerth.de\/wp-content\/uploads\/2025\/04\/Bild-Buecher-Tausch-Regal-1-768x1024.jpg 768w, https:\/\/seeackerschule-fuerth.de\/wp-content\/uploads\/2025\/04\/Bild-Buecher-Tausch-Regal-1-1152x1536.jpg 1152w, https:\/\/seeackerschule-fuerth.de\/wp-content\/uploads\/2025\/04\/Bild-Buecher-Tausch-Regal-1-rotated.jpg 1512w\" sizes=\"(max-width: 225px) 100vw, 225px\" \/>\t\t\t\t\t\t\t\t\t\t\t<\/div>\n\t\t\t\t<\/div>\n\t\t\t\t<\/div>\n\t\t\t\t\t\t<\/div>\n\t\t\t\t\t<\/div>\n\t\t<\/div>\n\t\t\t\t\t\t\t\t<\/div>\n\t\t\t\t\t<\/div>\n\t\t<\/section>\n\t\t\t\t\t\t<\/div>\n\t\t\t\t\t\t<\/div>\n\t\t\t\t\t<\/div>\n\t\t","protected":false},"excerpt":{"rendered":"<p>Sch\u00fclerb\u00fccherei Mit unserer Sch\u00fclerb\u00fccherei ist ein gem\u00fctlicher Ort entstanden, an dem jede Woche flei\u00dfig gelesen wird. Es gibt die M\u00f6glichkeit sich \u00fcber Gelesenes auszutauschen, B\u00fccherr\u00e4tsel zu l\u00f6sen und sich B\u00fccher auszuleihen. Ein gro\u00dfes Dankesch\u00f6n gilt unserem F\u00f6rderverein, dem Elternbeirat und allen Spendern, die es erm\u00f6glichen den Buchbestand stetig zuerweitern.\u00a0 B\u00fccher-Tausch-Regal er\u00f6ffnet! Es ist soweit: Die [&hellip;]<\/p>\n","protected":false},"author":1,"featured_media":0,"parent":0,"menu_order":0,"comment_status":"closed","ping_status":"closed","template":"","meta":[],"_links":{"self":[{"href":"https:\/\/seeackerschule-fuerth.de\/index.php?rest_route=\/wp\/v2\/pages\/1147"}],"collection":[{"href":"https:\/\/seeackerschule-fuerth.de\/index.php?rest_route=\/wp\/v2\/pages"}],"about":[{"href":"https:\/\/seeackerschule-fuerth.de\/index.php?rest_route=\/wp\/v2\/types\/page"}],"author":[{"embeddable":true,"href":"https:\/\/seeackerschule-fuerth.de\/index.php?rest_route=\/wp\/v2\/users\/1"}],"replies":[{"embeddable":true,"href":"https:\/\/seeackerschule-fuerth.de\/index.php?rest_route=%2Fwp%2Fv2%2Fcomments&post=1147"}],"version-history":[{"count":68,"href":"https:\/\/seeackerschule-fuerth.de\/index.php?rest_route=\/wp\/v2\/pages\/1147\/revisions"}],"predecessor-version":[{"id":2721,"href":"https:\/\/seeackerschule-fuerth.de\/index.php?rest_route=\/wp\/v2\/pages\/1147\/revisions\/2721"}],"wp:attachment":[{"href":"https:\/\/seeackerschule-fuerth.de\/index.php?rest_route=%2Fwp%2Fv2%2Fmedia&parent=1147"}],"curies":[{"name":"wp","href":"https:\/\/api.w.org\/{rel}","templated":true}]}}