{"id":123,"date":"2020-01-12T14:09:17","date_gmt":"2020-01-12T14:09:17","guid":{"rendered":"http:\/\/test.seeackerschule-fuerth.de\/?page_id=123"},"modified":"2025-09-13T07:02:37","modified_gmt":"2025-09-13T07:02:37","slug":"foerderverein","status":"publish","type":"page","link":"https:\/\/seeackerschule-fuerth.de\/?page_id=123","title":{"rendered":"F\u00f6rderverein"},"content":{"rendered":"\t\t<div data-elementor-type=\"wp-page\" data-elementor-id=\"123\" class=\"elementor elementor-123\" data-elementor-settings=\"[]\">\n\t\t\t\t\t\t<div class=\"elementor-inner\">\n\t\t\t\t\t\t\t<div class=\"elementor-section-wrap\">\n\t\t\t\t\t\t\t<section class=\"elementor-section elementor-top-section elementor-element elementor-element-aa4b44f elementor-section-boxed elementor-section-height-default elementor-section-height-default\" data-id=\"aa4b44f\" data-element_type=\"section\">\n\t\t\t\t\t\t<div class=\"elementor-container elementor-column-gap-default\">\n\t\t\t\t\t\t\t<div class=\"elementor-row\">\n\t\t\t\t\t<div class=\"elementor-column elementor-col-100 elementor-top-column elementor-element elementor-element-e900994\" data-id=\"e900994\" data-element_type=\"column\">\n\t\t\t<div class=\"elementor-column-wrap elementor-element-populated\">\n\t\t\t\t\t\t\t<div class=\"elementor-widget-wrap\">\n\t\t\t\t\t\t<div class=\"elementor-element elementor-element-ccb8463 elementor-widget elementor-widget-heading\" data-id=\"ccb8463\" data-element_type=\"widget\" data-widget_type=\"heading.default\">\n\t\t\t\t<div class=\"elementor-widget-container\">\n\t\t\t<h2 class=\"elementor-heading-title elementor-size-default\">F\u00f6rderverein<\/h2>\t\t<\/div>\n\t\t\t\t<\/div>\n\t\t\t\t<div class=\"elementor-element elementor-element-6d5a850 elementor-widget elementor-widget-text-editor\" data-id=\"6d5a850\" data-element_type=\"widget\" data-widget_type=\"text-editor.default\">\n\t\t\t\t<div class=\"elementor-widget-container\">\n\t\t\t\t\t<div class=\"elementor-text-editor elementor-clearfix\"><p><strong>F\u00f6rderverein der Seeackerschulen F\u00fcrth e.V.<\/strong><\/p><p>Sehr geehrte Eltern,<\/p><p>wir sind der F\u00f6rderverein an der Grundschule-Seeackerstra\u00dfe und uns gibt es seit vielen Jahren.<\/p><p>Mit Mitgliedsbeitr\u00e4gen, Spenden und Einnahmen aus verschiedenen Aktivit\u00e4ten unterst\u00fctzen wir die Schule. Dabei achten wir stets darauf, die Sch\u00fclerinnen und Sch\u00fcler in den Mittelpunkt zu stellen, damit sie den gr\u00f6\u00dftm\u00f6glichen Nutzen f\u00fcr sich ziehen k\u00f6nnen.<\/p><p>Wir \u00fcbernehmen Anschaffungen, die vom Kostenaufwandstr\u00e4ger nicht gestemmt werden k\u00f6nnen. Das f\u00e4ngt bei B\u00fcchern f\u00fcr die hauseigene B\u00fccherei an, geht \u00fcber Instrumente und technisches Equipment bei Veranstaltungen und sogar bis zu einer Torwand im Pausenhof. Ebenfalls mehrt\u00e4gige Projekte zur F\u00f6rderung der k\u00fcnstlerischen Kreativit\u00e4t unterst\u00fctzen wir gerne, weil sie f\u00fcr sch\u00f6ne Erinnerungen an die Schulzeit bei den Kindern und auch Eltern sorgen. Traditionell gestalten die 4. Klassen zum Ende ihrer Grundschulzeit in Zusammenarbeit mit einer K\u00fcnstlerin tolle Mosaike. Diese werden an den S\u00e4ulen in der Eingangshalle der Schule verewigt. Auch dieses Projekt wird langfristig vom F\u00f6rderverein finanziert, so dass die Sch\u00fcler durch ihr \u201eMosaik\u201c an ihrer Grundschule etwas Bleibendes hinterlassen. Wir freuen uns so auf eine stetige, jedes Jahr wachsende Versch\u00f6nerung des Eingangsbereichs. Sehen Sie sich die tollen Ergebnisse einmal an! Sie werden begeistert sein.<\/p><p>Zu den regelm\u00e4\u00dfigen Aktivit\u00e4ten des F\u00f6rdervereins, z\u00e4hlen auch der Kaffee- und Kuchenstand zur Schuleinschreibung, die Teilnahme an verschiedenen regionalen Veranstaltungen wie zum Beispiel das B\u00fcrgerfest und das K\u00fcrbisfest in Sack und andere.<\/p><p>Um uns weiterhin f\u00fcr die Sch\u00fcler einsetzen zu k\u00f6nnen, ben\u00f6tigen nat\u00fcrlich auch wir etwas Hilfe.<\/p><p>Werden Sie Mitglied und f\u00f6rdern Sie damit eine noch sch\u00f6nere Grundschulzeit unserer Kinder. Das geht ganz einfach durch den Mitgliedsbeitrag von rechnerisch nur 1,25 \u20ac pro Monat (Abbuchung j\u00e4hrlich). Aber gerne auch durch Ihre aktive Mitarbeit und Teilnahme im F\u00f6rderverein!<\/p><p>Wir freuen uns auf jede Helferin und jeden Helfer und nat\u00fcrlich \u00fcber jeden Euro f\u00fcr die F\u00f6rderung der Kinder unserer Grundschule. Denn das brauchen wir, um den Kindern der Grundschule-Seeackerstra\u00dfe auch in Zukunft zur Seite stehen zu k\u00f6nnen.<\/p><p>Vielen herzlichen Dank!<\/p><p>\u00a0<\/p><\/div>\n\t\t\t\t<\/div>\n\t\t\t\t<\/div>\n\t\t\t\t\t\t<\/div>\n\t\t\t\t\t<\/div>\n\t\t<\/div>\n\t\t\t\t\t\t\t\t<\/div>\n\t\t\t\t\t<\/div>\n\t\t<\/section>\n\t\t\t\t<section class=\"elementor-section elementor-top-section elementor-element elementor-element-e34dac9 elementor-section-boxed elementor-section-height-default elementor-section-height-default\" data-id=\"e34dac9\" data-element_type=\"section\">\n\t\t\t\t\t\t<div class=\"elementor-container elementor-column-gap-default\">\n\t\t\t\t\t\t\t<div class=\"elementor-row\">\n\t\t\t\t\t<div class=\"elementor-column elementor-col-33 elementor-top-column elementor-element elementor-element-2ab5071\" data-id=\"2ab5071\" data-element_type=\"column\">\n\t\t\t<div class=\"elementor-column-wrap elementor-element-populated\">\n\t\t\t\t\t\t\t<div class=\"elementor-widget-wrap\">\n\t\t\t\t\t\t<div class=\"elementor-element elementor-element-a0fa017 elementor-widget elementor-widget-image\" data-id=\"a0fa017\" data-element_type=\"widget\" data-widget_type=\"image.default\">\n\t\t\t\t<div class=\"elementor-widget-container\">\n\t\t\t\t\t<div class=\"elementor-image\">\n\t\t\t\t\t\t\t\t\t\t<img width=\"416\" height=\"277\" src=\"https:\/\/seeackerschule-fuerth.de\/wp-content\/uploads\/2023\/02\/Buecherei.jpg\" class=\"attachment-large size-large\" alt=\"\" loading=\"lazy\" srcset=\"https:\/\/seeackerschule-fuerth.de\/wp-content\/uploads\/2023\/02\/Buecherei.jpg 416w, https:\/\/seeackerschule-fuerth.de\/wp-content\/uploads\/2023\/02\/Buecherei-300x200.jpg 300w\" sizes=\"(max-width: 416px) 100vw, 416px\" \/>\t\t\t\t\t\t\t\t\t\t\t<\/div>\n\t\t\t\t<\/div>\n\t\t\t\t<\/div>\n\t\t\t\t\t\t<\/div>\n\t\t\t\t\t<\/div>\n\t\t<\/div>\n\t\t\t\t<div class=\"elementor-column elementor-col-33 elementor-top-column elementor-element elementor-element-b37622f\" data-id=\"b37622f\" data-element_type=\"column\">\n\t\t\t<div class=\"elementor-column-wrap elementor-element-populated\">\n\t\t\t\t\t\t\t<div class=\"elementor-widget-wrap\">\n\t\t\t\t\t\t<div class=\"elementor-element elementor-element-06ce5de elementor-widget elementor-widget-image\" data-id=\"06ce5de\" data-element_type=\"widget\" data-widget_type=\"image.default\">\n\t\t\t\t<div class=\"elementor-widget-container\">\n\t\t\t\t\t<div class=\"elementor-image\">\n\t\t\t\t\t\t\t\t\t\t<img width=\"188\" height=\"469\" src=\"https:\/\/seeackerschule-fuerth.de\/wp-content\/uploads\/2023\/02\/Mosaik2-2.jpg\" class=\"attachment-large size-large\" alt=\"\" loading=\"lazy\" srcset=\"https:\/\/seeackerschule-fuerth.de\/wp-content\/uploads\/2023\/02\/Mosaik2-2.jpg 188w, https:\/\/seeackerschule-fuerth.de\/wp-content\/uploads\/2023\/02\/Mosaik2-2-120x300.jpg 120w\" sizes=\"(max-width: 188px) 100vw, 188px\" \/>\t\t\t\t\t\t\t\t\t\t\t<\/div>\n\t\t\t\t<\/div>\n\t\t\t\t<\/div>\n\t\t\t\t\t\t<\/div>\n\t\t\t\t\t<\/div>\n\t\t<\/div>\n\t\t\t\t<div class=\"elementor-column elementor-col-33 elementor-top-column elementor-element elementor-element-bd0ad24\" data-id=\"bd0ad24\" data-element_type=\"column\">\n\t\t\t<div class=\"elementor-column-wrap elementor-element-populated\">\n\t\t\t\t\t\t\t<div class=\"elementor-widget-wrap\">\n\t\t\t\t\t\t<div class=\"elementor-element elementor-element-22f7a79 elementor-widget elementor-widget-image\" data-id=\"22f7a79\" data-element_type=\"widget\" data-widget_type=\"image.default\">\n\t\t\t\t<div class=\"elementor-widget-container\">\n\t\t\t\t\t<div class=\"elementor-image\">\n\t\t\t\t\t\t\t\t\t\t<img width=\"272\" height=\"181\" src=\"https:\/\/seeackerschule-fuerth.de\/wp-content\/uploads\/2023\/02\/Mosaik.jpg\" class=\"attachment-large size-large\" alt=\"\" loading=\"lazy\" \/>\t\t\t\t\t\t\t\t\t\t\t<\/div>\n\t\t\t\t<\/div>\n\t\t\t\t<\/div>\n\t\t\t\t\t\t<\/div>\n\t\t\t\t\t<\/div>\n\t\t<\/div>\n\t\t\t\t\t\t\t\t<\/div>\n\t\t\t\t\t<\/div>\n\t\t<\/section>\n\t\t\t\t\t\t<\/div>\n\t\t\t\t\t\t<\/div>\n\t\t\t\t\t<\/div>\n\t\t","protected":false},"excerpt":{"rendered":"<p>F\u00f6rderverein F\u00f6rderverein der Seeackerschulen F\u00fcrth e.V. Sehr geehrte Eltern, wir sind der F\u00f6rderverein an der Grundschule-Seeackerstra\u00dfe und uns gibt es seit vielen Jahren. Mit Mitgliedsbeitr\u00e4gen, Spenden und Einnahmen aus verschiedenen Aktivit\u00e4ten unterst\u00fctzen wir die Schule. Dabei achten wir stets darauf, die Sch\u00fclerinnen und Sch\u00fcler in den Mittelpunkt zu stellen, damit sie den gr\u00f6\u00dftm\u00f6glichen Nutzen f\u00fcr [&hellip;]<\/p>\n","protected":false},"author":1,"featured_media":0,"parent":0,"menu_order":0,"comment_status":"closed","ping_status":"closed","template":"","meta":[],"_links":{"self":[{"href":"https:\/\/seeackerschule-fuerth.de\/index.php?rest_route=\/wp\/v2\/pages\/123"}],"collection":[{"href":"https:\/\/seeackerschule-fuerth.de\/index.php?rest_route=\/wp\/v2\/pages"}],"about":[{"href":"https:\/\/seeackerschule-fuerth.de\/index.php?rest_route=\/wp\/v2\/types\/page"}],"author":[{"embeddable":true,"href":"https:\/\/seeackerschule-fuerth.de\/index.php?rest_route=\/wp\/v2\/users\/1"}],"replies":[{"embeddable":true,"href":"https:\/\/seeackerschule-fuerth.de\/index.php?rest_route=%2Fwp%2Fv2%2Fcomments&post=123"}],"version-history":[{"count":24,"href":"https:\/\/seeackerschule-fuerth.de\/index.php?rest_route=\/wp\/v2\/pages\/123\/revisions"}],"predecessor-version":[{"id":2754,"href":"https:\/\/seeackerschule-fuerth.de\/index.php?rest_route=\/wp\/v2\/pages\/123\/revisions\/2754"}],"wp:attachment":[{"href":"https:\/\/seeackerschule-fuerth.de\/index.php?rest_route=%2Fwp%2Fv2%2Fmedia&parent=123"}],"curies":[{"name":"wp","href":"https:\/\/api.w.org\/{rel}","templated":true}]}}