{"id":131,"date":"2020-01-12T14:12:39","date_gmt":"2020-01-12T14:12:39","guid":{"rendered":"http:\/\/test.seeackerschule-fuerth.de\/?page_id=131"},"modified":"2025-02-14T12:54:43","modified_gmt":"2025-02-14T12:54:43","slug":"krankmeldung","status":"publish","type":"page","link":"https:\/\/seeackerschule-fuerth.de\/?page_id=131","title":{"rendered":"Krankmeldung"},"content":{"rendered":"\t\t<div data-elementor-type=\"wp-page\" data-elementor-id=\"131\" class=\"elementor elementor-131\" data-elementor-settings=\"[]\">\n\t\t\t\t\t\t<div class=\"elementor-inner\">\n\t\t\t\t\t\t\t<div class=\"elementor-section-wrap\">\n\t\t\t\t\t\t\t<section class=\"elementor-section elementor-top-section elementor-element elementor-element-8be5896 elementor-section-boxed elementor-section-height-default elementor-section-height-default\" data-id=\"8be5896\" data-element_type=\"section\">\n\t\t\t\t\t\t<div class=\"elementor-container elementor-column-gap-default\">\n\t\t\t\t\t\t\t<div class=\"elementor-row\">\n\t\t\t\t\t<div class=\"elementor-column elementor-col-100 elementor-top-column elementor-element elementor-element-725f284\" data-id=\"725f284\" data-element_type=\"column\">\n\t\t\t<div class=\"elementor-column-wrap elementor-element-populated\">\n\t\t\t\t\t\t\t<div class=\"elementor-widget-wrap\">\n\t\t\t\t\t\t<div class=\"elementor-element elementor-element-b007a9c elementor-widget elementor-widget-heading\" data-id=\"b007a9c\" data-element_type=\"widget\" data-widget_type=\"heading.default\">\n\t\t\t\t<div class=\"elementor-widget-container\">\n\t\t\t<h2 class=\"elementor-heading-title elementor-size-default\">Krankmeldung<\/h2>\t\t<\/div>\n\t\t\t\t<\/div>\n\t\t\t\t<div class=\"elementor-element elementor-element-0f15e62 elementor-widget elementor-widget-text-editor\" data-id=\"0f15e62\" data-element_type=\"widget\" data-widget_type=\"text-editor.default\">\n\t\t\t\t<div class=\"elementor-widget-container\">\n\t\t\t\t\t<div class=\"elementor-text-editor elementor-clearfix\"><p>Ist Ihr Kind erkrankt, so muss die Schule sp\u00e4testens aber bis 8.00 Uhr verst\u00e4ndigt werden. Nutzen Sie hierf\u00fcr den Schulmanager.<\/p><p>Falls in der ersten Stunde keine Entschuldigung vorliegt, sind wir verpflichtet, bei Ihnen nachzufragen und ggf. weitere Ma\u00dfnahmen zu ergreifen.<\/p><p>Bitte reichen Sie eine schriftliche Entschuldigung baldm\u00f6glichst nach.<\/p><\/div>\n\t\t\t\t<\/div>\n\t\t\t\t<\/div>\n\t\t\t\t\t\t<\/div>\n\t\t\t\t\t<\/div>\n\t\t<\/div>\n\t\t\t\t\t\t\t\t<\/div>\n\t\t\t\t\t<\/div>\n\t\t<\/section>\n\t\t\t\t\t\t<\/div>\n\t\t\t\t\t\t<\/div>\n\t\t\t\t\t<\/div>\n\t\t","protected":false},"excerpt":{"rendered":"<p>Krankmeldung Ist Ihr Kind erkrankt, so muss die Schule sp\u00e4testens aber bis 8.00 Uhr verst\u00e4ndigt werden. Nutzen Sie hierf\u00fcr den Schulmanager. Falls in der ersten Stunde keine Entschuldigung vorliegt, sind wir verpflichtet, bei Ihnen nachzufragen und ggf. weitere Ma\u00dfnahmen zu ergreifen. Bitte reichen Sie eine schriftliche Entschuldigung baldm\u00f6glichst nach.<\/p>\n","protected":false},"author":1,"featured_media":0,"parent":0,"menu_order":0,"comment_status":"closed","ping_status":"closed","template":"","meta":[],"_links":{"self":[{"href":"https:\/\/seeackerschule-fuerth.de\/index.php?rest_route=\/wp\/v2\/pages\/131"}],"collection":[{"href":"https:\/\/seeackerschule-fuerth.de\/index.php?rest_route=\/wp\/v2\/pages"}],"about":[{"href":"https:\/\/seeackerschule-fuerth.de\/index.php?rest_route=\/wp\/v2\/types\/page"}],"author":[{"embeddable":true,"href":"https:\/\/seeackerschule-fuerth.de\/index.php?rest_route=\/wp\/v2\/users\/1"}],"replies":[{"embeddable":true,"href":"https:\/\/seeackerschule-fuerth.de\/index.php?rest_route=%2Fwp%2Fv2%2Fcomments&post=131"}],"version-history":[{"count":23,"href":"https:\/\/seeackerschule-fuerth.de\/index.php?rest_route=\/wp\/v2\/pages\/131\/revisions"}],"predecessor-version":[{"id":2695,"href":"https:\/\/seeackerschule-fuerth.de\/index.php?rest_route=\/wp\/v2\/pages\/131\/revisions\/2695"}],"wp:attachment":[{"href":"https:\/\/seeackerschule-fuerth.de\/index.php?rest_route=%2Fwp%2Fv2%2Fmedia&parent=131"}],"curies":[{"name":"wp","href":"https:\/\/api.w.org\/{rel}","templated":true}]}}