{"id":135,"date":"2020-01-12T14:13:25","date_gmt":"2020-01-12T14:13:25","guid":{"rendered":"http:\/\/test.seeackerschule-fuerth.de\/?page_id=135"},"modified":"2024-12-03T11:39:17","modified_gmt":"2024-12-03T11:39:17","slug":"schulberatung","status":"publish","type":"page","link":"https:\/\/seeackerschule-fuerth.de\/?page_id=135","title":{"rendered":"Schulberatung"},"content":{"rendered":"\t\t<div data-elementor-type=\"wp-page\" data-elementor-id=\"135\" class=\"elementor elementor-135\" data-elementor-settings=\"[]\">\n\t\t\t\t\t\t<div class=\"elementor-inner\">\n\t\t\t\t\t\t\t<div class=\"elementor-section-wrap\">\n\t\t\t\t\t\t\t<section class=\"elementor-section elementor-top-section elementor-element elementor-element-2c7c54d elementor-section-boxed elementor-section-height-default elementor-section-height-default\" data-id=\"2c7c54d\" data-element_type=\"section\">\n\t\t\t\t\t\t<div class=\"elementor-container elementor-column-gap-default\">\n\t\t\t\t\t\t\t<div class=\"elementor-row\">\n\t\t\t\t\t<div class=\"elementor-column elementor-col-100 elementor-top-column elementor-element elementor-element-fef3dc4\" data-id=\"fef3dc4\" data-element_type=\"column\">\n\t\t\t<div class=\"elementor-column-wrap elementor-element-populated\">\n\t\t\t\t\t\t\t<div class=\"elementor-widget-wrap\">\n\t\t\t\t\t\t<div class=\"elementor-element elementor-element-9954c53 elementor-widget elementor-widget-heading\" data-id=\"9954c53\" data-element_type=\"widget\" data-widget_type=\"heading.default\">\n\t\t\t\t<div class=\"elementor-widget-container\">\n\t\t\t<h2 class=\"elementor-heading-title elementor-size-default\">Schulberatung<\/h2>\t\t<\/div>\n\t\t\t\t<\/div>\n\t\t\t\t<div class=\"elementor-element elementor-element-cddf6fd elementor-widget elementor-widget-heading\" data-id=\"cddf6fd\" data-element_type=\"widget\" data-widget_type=\"heading.default\">\n\t\t\t\t<div class=\"elementor-widget-container\">\n\t\t\t<h2 class=\"elementor-heading-title elementor-size-default\">Beratungslehrkraft<\/h2>\t\t<\/div>\n\t\t\t\t<\/div>\n\t\t\t\t<div class=\"elementor-element elementor-element-6190d23 elementor-widget elementor-widget-text-editor\" data-id=\"6190d23\" data-element_type=\"widget\" data-widget_type=\"text-editor.default\">\n\t\t\t\t<div class=\"elementor-widget-container\">\n\t\t\t\t\t<div class=\"elementor-text-editor elementor-clearfix\"><p><strong>Frau Nora Hefele-Kolbe<\/strong><\/p><p>Bei Fragen zur Schullaufbahn, bei Verhaltensauff\u00e4lligkeiten sowie bei Lern- und Leistungsschwierigkeiten steht Ihnen Frau Hefele-Kolbe gerne zur Verf\u00fcgung.<\/p><p>E-Mail: <span data-olk-copy-source=\"MessageBody\">n.hefele-kolbe@schulaemter-fuerth.de<\/span><\/p><\/div>\n\t\t\t\t<\/div>\n\t\t\t\t<\/div>\n\t\t\t\t<div class=\"elementor-element elementor-element-4fc6269 elementor-widget elementor-widget-heading\" data-id=\"4fc6269\" data-element_type=\"widget\" data-widget_type=\"heading.default\">\n\t\t\t\t<div class=\"elementor-widget-container\">\n\t\t\t<h2 class=\"elementor-heading-title elementor-size-default\">Schulpsychologin<\/h2>\t\t<\/div>\n\t\t\t\t<\/div>\n\t\t\t\t<div class=\"elementor-element elementor-element-cbf59af elementor-widget elementor-widget-text-editor\" data-id=\"cbf59af\" data-element_type=\"widget\" data-widget_type=\"text-editor.default\">\n\t\t\t\t<div class=\"elementor-widget-container\">\n\t\t\t\t\t<div class=\"elementor-text-editor elementor-clearfix\"><p><strong>Frau Susi Gr\u00fcner<\/strong><\/p><p>Frau Gr\u00fcner k\u00f6nnen Sie bei besonderen schulischen Problemen, wie z.B. Lern- und Leistungsschwierigkeiten kontaktieren. In Zeiten der Corona Krise bietet Frau Gr\u00fcner auch eine schulpsychologische Beratung \u00fcber das Telefon an.<\/p><p>Tel.: 0911-792245 oder Handynummer: 0172-3172771<br \/>E-Mail: susi.gruener@schulpsych-fuerth.de<\/p><p><span style=\"font-size: 18px;\">\u00a0<\/span><\/p><\/div>\n\t\t\t\t<\/div>\n\t\t\t\t<\/div>\n\t\t\t\t<div class=\"elementor-element elementor-element-691409c elementor-widget elementor-widget-heading\" data-id=\"691409c\" data-element_type=\"widget\" data-widget_type=\"heading.default\">\n\t\t\t\t<div class=\"elementor-widget-container\">\n\t\t\t<h2 class=\"elementor-heading-title elementor-size-default\">Ansprechpartner f\u00fcr Depressionen und Angstst\u00f6rungen<\/h2>\t\t<\/div>\n\t\t\t\t<\/div>\n\t\t\t\t<div class=\"elementor-element elementor-element-d902ab5 elementor-widget elementor-widget-text-editor\" data-id=\"d902ab5\" data-element_type=\"widget\" data-widget_type=\"text-editor.default\">\n\t\t\t\t<div class=\"elementor-widget-container\">\n\t\t\t\t\t<div class=\"elementor-text-editor elementor-clearfix\"><p>Im schulischen Rahmen sind die ersten Ansprechpartner die zust\u00e4ndige Beratungslehrkraft sowie Schulpsychologin.\u00a0<br \/>Aber auch au\u00dferschulisch gibt es zahlreiche Beratungsstellen. Es folgt eine \u00dcbersicht mit Beratungsstellen sowie Hilfsangeboten.<\/p><ul><li><span style=\"text-decoration: underline;\"><a href=\"https:\/\/seeackerschule-fuerth.de\/wp-content\/uploads\/2020\/03\/Adresslisten-Depression_2019_Nov_27-F\u00dc_F\u00dcL.pdf\" target=\"_blank\" rel=\"noopener\">Beratungsstellen f\u00fcr Depressionen und Angstst\u00f6rungen F\u00fcrth<\/a><\/span><br \/><br \/><br \/><\/li><\/ul><\/div>\n\t\t\t\t<\/div>\n\t\t\t\t<\/div>\n\t\t\t\t<div class=\"elementor-element elementor-element-d6c0ce2 elementor-widget elementor-widget-heading\" data-id=\"d6c0ce2\" data-element_type=\"widget\" data-widget_type=\"heading.default\">\n\t\t\t\t<div class=\"elementor-widget-container\">\n\t\t\t<h2 class=\"elementor-heading-title elementor-size-default\">Ansprechpartner zur Krisenintervention und - bew\u00e4ltigung<\/h2>\t\t<\/div>\n\t\t\t\t<\/div>\n\t\t\t\t<div class=\"elementor-element elementor-element-af2b924 elementor-widget elementor-widget-text-editor\" data-id=\"af2b924\" data-element_type=\"widget\" data-widget_type=\"text-editor.default\">\n\t\t\t\t<div class=\"elementor-widget-container\">\n\t\t\t\t\t<div class=\"elementor-text-editor elementor-clearfix\"><p>KIBBS &#8211; das Kriseninterventions- und -bew\u00e4ltigungsteam bayerischer Schulpsychologinnen und Schulpsychologen hilft einzelnen Betroffenen, belastende Erfahrungen zu verarbeiten.\u00a0<br \/>Den offiziellen Flyer finden Sie hier: <span style=\"text-decoration: underline;\"><a href=\"https:\/\/seeackerschule-fuerth.de\/wp-content\/uploads\/2020\/03\/Flyer_KIBBS.pdf\">Flyer KIBBS<\/a><\/span><\/p><\/div>\n\t\t\t\t<\/div>\n\t\t\t\t<\/div>\n\t\t\t\t\t\t<\/div>\n\t\t\t\t\t<\/div>\n\t\t<\/div>\n\t\t\t\t\t\t\t\t<\/div>\n\t\t\t\t\t<\/div>\n\t\t<\/section>\n\t\t\t\t<section class=\"elementor-section elementor-top-section elementor-element elementor-element-0a57d0b elementor-section-boxed elementor-section-height-default elementor-section-height-default\" data-id=\"0a57d0b\" data-element_type=\"section\">\n\t\t\t\t\t\t<div class=\"elementor-container elementor-column-gap-default\">\n\t\t\t\t\t\t\t<div class=\"elementor-row\">\n\t\t\t\t\t<div class=\"elementor-column elementor-col-100 elementor-top-column elementor-element elementor-element-ce38579\" data-id=\"ce38579\" data-element_type=\"column\">\n\t\t\t<div class=\"elementor-column-wrap elementor-element-populated\">\n\t\t\t\t\t\t\t<div class=\"elementor-widget-wrap\">\n\t\t\t\t\t\t<div class=\"elementor-element elementor-element-22bbcc5 elementor-widget elementor-widget-heading\" data-id=\"22bbcc5\" data-element_type=\"widget\" data-widget_type=\"heading.default\">\n\t\t\t\t<div class=\"elementor-widget-container\">\n\t\t\t<h2 class=\"elementor-heading-title elementor-size-default\">\n<\/h2>\t\t<\/div>\n\t\t\t\t<\/div>\n\t\t\t\t<div class=\"elementor-element elementor-element-47dd277 elementor-widget elementor-widget-heading\" data-id=\"47dd277\" data-element_type=\"widget\" data-widget_type=\"heading.default\">\n\t\t\t\t<div class=\"elementor-widget-container\">\n\t\t\t<h2 class=\"elementor-heading-title elementor-size-default\">\n<\/h2>\t\t<\/div>\n\t\t\t\t<\/div>\n\t\t\t\t\t\t<\/div>\n\t\t\t\t\t<\/div>\n\t\t<\/div>\n\t\t\t\t\t\t\t\t<\/div>\n\t\t\t\t\t<\/div>\n\t\t<\/section>\n\t\t\t\t<section class=\"elementor-section elementor-top-section elementor-element elementor-element-9e34b13 elementor-section-boxed elementor-section-height-default elementor-section-height-default\" data-id=\"9e34b13\" data-element_type=\"section\">\n\t\t\t\t\t\t<div class=\"elementor-container elementor-column-gap-default\">\n\t\t\t\t\t\t\t<div class=\"elementor-row\">\n\t\t\t\t\t<div class=\"elementor-column elementor-col-100 elementor-top-column elementor-element elementor-element-d9d0a83\" data-id=\"d9d0a83\" data-element_type=\"column\">\n\t\t\t<div class=\"elementor-column-wrap elementor-element-populated\">\n\t\t\t\t\t\t\t<div class=\"elementor-widget-wrap\">\n\t\t\t\t\t\t<div class=\"elementor-element elementor-element-bd07c4a elementor-widget elementor-widget-text-editor\" data-id=\"bd07c4a\" data-element_type=\"widget\" data-widget_type=\"text-editor.default\">\n\t\t\t\t<div class=\"elementor-widget-container\">\n\t\t\t\t\t<div class=\"elementor-text-editor elementor-clearfix\"><\/div>\n\t\t\t\t<\/div>\n\t\t\t\t<\/div>\n\t\t\t\t\t\t<\/div>\n\t\t\t\t\t<\/div>\n\t\t<\/div>\n\t\t\t\t\t\t\t\t<\/div>\n\t\t\t\t\t<\/div>\n\t\t<\/section>\n\t\t\t\t\t\t<\/div>\n\t\t\t\t\t\t<\/div>\n\t\t\t\t\t<\/div>\n\t\t","protected":false},"excerpt":{"rendered":"<p>Schulberatung Beratungslehrkraft Frau Nora Hefele-Kolbe Bei Fragen zur Schullaufbahn, bei Verhaltensauff\u00e4lligkeiten sowie bei Lern- und Leistungsschwierigkeiten steht Ihnen Frau Hefele-Kolbe gerne zur Verf\u00fcgung. E-Mail: n.hefele-kolbe@schulaemter-fuerth.de Schulpsychologin Frau Susi Gr\u00fcner Frau Gr\u00fcner k\u00f6nnen Sie bei besonderen schulischen Problemen, wie z.B. Lern- und Leistungsschwierigkeiten kontaktieren. In Zeiten der Corona Krise bietet Frau Gr\u00fcner auch eine schulpsychologische Beratung [&hellip;]<\/p>\n","protected":false},"author":1,"featured_media":0,"parent":0,"menu_order":0,"comment_status":"closed","ping_status":"closed","template":"","meta":[],"_links":{"self":[{"href":"https:\/\/seeackerschule-fuerth.de\/index.php?rest_route=\/wp\/v2\/pages\/135"}],"collection":[{"href":"https:\/\/seeackerschule-fuerth.de\/index.php?rest_route=\/wp\/v2\/pages"}],"about":[{"href":"https:\/\/seeackerschule-fuerth.de\/index.php?rest_route=\/wp\/v2\/types\/page"}],"author":[{"embeddable":true,"href":"https:\/\/seeackerschule-fuerth.de\/index.php?rest_route=\/wp\/v2\/users\/1"}],"replies":[{"embeddable":true,"href":"https:\/\/seeackerschule-fuerth.de\/index.php?rest_route=%2Fwp%2Fv2%2Fcomments&post=135"}],"version-history":[{"count":49,"href":"https:\/\/seeackerschule-fuerth.de\/index.php?rest_route=\/wp\/v2\/pages\/135\/revisions"}],"predecessor-version":[{"id":2626,"href":"https:\/\/seeackerschule-fuerth.de\/index.php?rest_route=\/wp\/v2\/pages\/135\/revisions\/2626"}],"wp:attachment":[{"href":"https:\/\/seeackerschule-fuerth.de\/index.php?rest_route=%2Fwp%2Fv2%2Fmedia&parent=135"}],"curies":[{"name":"wp","href":"https:\/\/api.w.org\/{rel}","templated":true}]}}