{"id":1904,"date":"2022-04-08T12:32:32","date_gmt":"2022-04-08T12:32:32","guid":{"rendered":"https:\/\/seeackerschule-fuerth.de\/?page_id=1904"},"modified":"2026-03-04T12:43:29","modified_gmt":"2026-03-04T12:43:29","slug":"fahrtkostenantrag-fuer-den-schulweg","status":"publish","type":"page","link":"https:\/\/seeackerschule-fuerth.de\/?page_id=1904","title":{"rendered":"Fahrtkostenantrag f\u00fcr den Schulweg"},"content":{"rendered":"\t\t<div data-elementor-type=\"wp-page\" data-elementor-id=\"1904\" class=\"elementor elementor-1904\" data-elementor-settings=\"[]\">\n\t\t\t\t\t\t<div class=\"elementor-inner\">\n\t\t\t\t\t\t\t<div class=\"elementor-section-wrap\">\n\t\t\t\t\t\t\t<section class=\"elementor-section elementor-top-section elementor-element elementor-element-e9b18d9 elementor-section-boxed elementor-section-height-default elementor-section-height-default\" data-id=\"e9b18d9\" data-element_type=\"section\">\n\t\t\t\t\t\t<div class=\"elementor-container elementor-column-gap-default\">\n\t\t\t\t\t\t\t<div class=\"elementor-row\">\n\t\t\t\t\t<div class=\"elementor-column elementor-col-100 elementor-top-column elementor-element elementor-element-a27d9c6\" data-id=\"a27d9c6\" data-element_type=\"column\">\n\t\t\t<div class=\"elementor-column-wrap elementor-element-populated\">\n\t\t\t\t\t\t\t<div class=\"elementor-widget-wrap\">\n\t\t\t\t\t\t<div class=\"elementor-element elementor-element-c2d80e3 elementor-widget elementor-widget-heading\" data-id=\"c2d80e3\" data-element_type=\"widget\" data-widget_type=\"heading.default\">\n\t\t\t\t<div class=\"elementor-widget-container\">\n\t\t\t<h2 class=\"elementor-heading-title elementor-size-default\">Fahrtkostenantrag f\u00fcr den Schulweg<\/h2>\t\t<\/div>\n\t\t\t\t<\/div>\n\t\t\t\t<div class=\"elementor-element elementor-element-37d548a elementor-widget elementor-widget-text-editor\" data-id=\"37d548a\" data-element_type=\"widget\" data-widget_type=\"text-editor.default\">\n\t\t\t\t<div class=\"elementor-widget-container\">\n\t\t\t\t\t<div class=\"elementor-text-editor elementor-clearfix\"><\/div>\n\t\t\t\t<\/div>\n\t\t\t\t<\/div>\n\t\t\t\t<div class=\"elementor-element elementor-element-d88f845 elementor-widget elementor-widget-text-editor\" data-id=\"d88f845\" data-element_type=\"widget\" data-widget_type=\"text-editor.default\">\n\t\t\t\t<div class=\"elementor-widget-container\">\n\t\t\t\t\t<div class=\"elementor-text-editor elementor-clearfix\"><p>Das Onlineformular zur Beantragung der Kostenfreiheit des Schulweges (kostenfreie Busfahrmarken f\u00fcr ein Schuljahr) k\u00f6nnen Sie \u00fcber folgenden Link finden:<\/p><p><a href=\"https:\/\/www.vgn.de\/service\/smaxi\" target=\"_blank\" rel=\"noopener\">https:\/\/www.vgn.de\/service\/smaxi<\/a><\/p><p>Der Antrag muss f\u00fcr jedes Schuljahr neu gestellt werden.<\/p><p>\u00a0<\/p><p>\u00a0<\/p><\/div>\n\t\t\t\t<\/div>\n\t\t\t\t<\/div>\n\t\t\t\t\t\t<\/div>\n\t\t\t\t\t<\/div>\n\t\t<\/div>\n\t\t\t\t\t\t\t\t<\/div>\n\t\t\t\t\t<\/div>\n\t\t<\/section>\n\t\t\t\t\t\t<\/div>\n\t\t\t\t\t\t<\/div>\n\t\t\t\t\t<\/div>\n\t\t","protected":false},"excerpt":{"rendered":"<p>Fahrtkostenantrag f\u00fcr den Schulweg Das Onlineformular zur Beantragung der Kostenfreiheit des Schulweges (kostenfreie Busfahrmarken f\u00fcr ein Schuljahr) k\u00f6nnen Sie \u00fcber folgenden Link finden: https:\/\/www.vgn.de\/service\/smaxi Der Antrag muss f\u00fcr jedes Schuljahr neu gestellt werden. \u00a0 \u00a0<\/p>\n","protected":false},"author":1,"featured_media":0,"parent":0,"menu_order":0,"comment_status":"closed","ping_status":"closed","template":"","meta":[],"_links":{"self":[{"href":"https:\/\/seeackerschule-fuerth.de\/index.php?rest_route=\/wp\/v2\/pages\/1904"}],"collection":[{"href":"https:\/\/seeackerschule-fuerth.de\/index.php?rest_route=\/wp\/v2\/pages"}],"about":[{"href":"https:\/\/seeackerschule-fuerth.de\/index.php?rest_route=\/wp\/v2\/types\/page"}],"author":[{"embeddable":true,"href":"https:\/\/seeackerschule-fuerth.de\/index.php?rest_route=\/wp\/v2\/users\/1"}],"replies":[{"embeddable":true,"href":"https:\/\/seeackerschule-fuerth.de\/index.php?rest_route=%2Fwp%2Fv2%2Fcomments&post=1904"}],"version-history":[{"count":14,"href":"https:\/\/seeackerschule-fuerth.de\/index.php?rest_route=\/wp\/v2\/pages\/1904\/revisions"}],"predecessor-version":[{"id":2801,"href":"https:\/\/seeackerschule-fuerth.de\/index.php?rest_route=\/wp\/v2\/pages\/1904\/revisions\/2801"}],"wp:attachment":[{"href":"https:\/\/seeackerschule-fuerth.de\/index.php?rest_route=%2Fwp%2Fv2%2Fmedia&parent=1904"}],"curies":[{"name":"wp","href":"https:\/\/api.w.org\/{rel}","templated":true}]}}