{"id":334,"date":"2020-01-19T15:29:51","date_gmt":"2020-01-19T15:29:51","guid":{"rendered":"http:\/\/test.seeackerschule-fuerth.de\/?page_id=334"},"modified":"2020-10-17T09:28:18","modified_gmt":"2020-10-17T09:28:18","slug":"datenschutzerklaerung","status":"publish","type":"page","link":"https:\/\/seeackerschule-fuerth.de\/?page_id=334","title":{"rendered":"Datenschutzerkl\u00e4rung"},"content":{"rendered":"\t\t<div data-elementor-type=\"wp-page\" data-elementor-id=\"334\" class=\"elementor elementor-334\" data-elementor-settings=\"[]\">\n\t\t\t\t\t\t<div class=\"elementor-inner\">\n\t\t\t\t\t\t\t<div class=\"elementor-section-wrap\">\n\t\t\t\t\t\t\t<section class=\"elementor-section elementor-top-section elementor-element elementor-element-1f9d3dd elementor-section-boxed elementor-section-height-default elementor-section-height-default\" data-id=\"1f9d3dd\" data-element_type=\"section\">\n\t\t\t\t\t\t<div class=\"elementor-container elementor-column-gap-default\">\n\t\t\t\t\t\t\t<div class=\"elementor-row\">\n\t\t\t\t\t<div class=\"elementor-column elementor-col-100 elementor-top-column elementor-element elementor-element-13c9478\" data-id=\"13c9478\" data-element_type=\"column\">\n\t\t\t<div class=\"elementor-column-wrap elementor-element-populated\">\n\t\t\t\t\t\t\t<div class=\"elementor-widget-wrap\">\n\t\t\t\t\t\t<div class=\"elementor-element elementor-element-dc9e5a8 elementor-widget elementor-widget-heading\" data-id=\"dc9e5a8\" data-element_type=\"widget\" data-widget_type=\"heading.default\">\n\t\t\t\t<div class=\"elementor-widget-container\">\n\t\t\t<h2 class=\"elementor-heading-title elementor-size-default\">Datenschutzerkl\u00e4rung nach DSGVO<\/h2>\t\t<\/div>\n\t\t\t\t<\/div>\n\t\t\t\t\t\t<\/div>\n\t\t\t\t\t<\/div>\n\t\t<\/div>\n\t\t\t\t\t\t\t\t<\/div>\n\t\t\t\t\t<\/div>\n\t\t<\/section>\n\t\t\t\t<section class=\"elementor-section elementor-top-section elementor-element elementor-element-d74196f elementor-section-boxed elementor-section-height-default elementor-section-height-default\" data-id=\"d74196f\" data-element_type=\"section\">\n\t\t\t\t\t\t<div class=\"elementor-container elementor-column-gap-default\">\n\t\t\t\t\t\t\t<div class=\"elementor-row\">\n\t\t\t\t\t<div class=\"elementor-column elementor-col-100 elementor-top-column elementor-element elementor-element-31ac353\" data-id=\"31ac353\" data-element_type=\"column\">\n\t\t\t<div class=\"elementor-column-wrap elementor-element-populated\">\n\t\t\t\t\t\t\t<div class=\"elementor-widget-wrap\">\n\t\t\t\t\t\t<div class=\"elementor-element elementor-element-4559ca5 elementor-widget elementor-widget-text-editor\" data-id=\"4559ca5\" data-element_type=\"widget\" data-widget_type=\"text-editor.default\">\n\t\t\t\t<div class=\"elementor-widget-container\">\n\t\t\t\t\t<div class=\"elementor-text-editor elementor-clearfix\"><p>Diese Datenschutzerkl\u00e4rung bezieht sich auf die Verarbeitung personenbezogener Daten im Rahmen dieses Internetauftritts, einschlie\u00dflich der dort angebotenen Dienste.<\/p><p>F\u00fcr n\u00e4here Informationen zur Verarbeitung Ihrer personenbezogenen Daten k\u00f6nnen Sie uns unter den unten genannten Kontaktdaten erreichen.<\/p><p><strong>Allgemeine Hinweise<\/strong><\/p><p><strong>Name und Kontaktdaten des Verantwortlichen<\/strong><br \/>Michael Stiegler (Rektor)<br \/>Grundschule F\u00fcrth, Seeackerstra\u00dfe<br \/>Carlo-Schmid-Str. 39<br \/>90765 F\u00fcrth<br \/>Tel: 0911 \/ 9794390<br \/>E-Mail: info@ghs<a class=\"email\" href=\"mailto:sl@ghs-seeacker-fuerth.de\">&#8211;<\/a>seeacker-fuerth.de<\/p><p><strong>Kontaktdaten des Datenschutzbeauftragten<\/strong><br \/>Sie erreichen unseren beh\u00f6rdlichen Datenschutzbeauftragten unter:<br \/>Steffi Reichel ( Lehrerin )<br \/>Erich K\u00e4stner Grundschule Veitsbronn<br \/>Retzelfembacher Stra\u00dfe 54<br \/>90587 Veitsbronn<br \/>Tel.: 0911 \/ 751176<br \/>E-Mail: steffi.reichel@reg-mfr.de<\/p><p><strong>Zwecke und Rechtsgrundlagen f\u00fcr die Verarbeitung personenbezogener Daten<\/strong><br \/>Zweck der Verarbeitung ist die Erf\u00fcllung der uns vom Gesetzgeber zugewiesenen \u00f6ffentlichen Aufgaben.<\/p><p>Die Rechtsgrundlage f\u00fcr die Verarbeitung Ihrer Daten ergibt sich, soweit nichts anderes angegeben ist, aus Art. 4 Abs. 1 des Bayerischen Datenschutzgesetzes (BayDSG) in Verbindung mit Art. 6 Abs. 1 Buchstabe e der Datenschutzgrundverordnung (DSGVO). Demnach ist es uns erlaubt, die zur Erf\u00fcllung einer uns obliegenden Aufgabe erforderlichen Daten zu verarbeiten.<\/p><p>Soweit Sie in eine Verarbeitung eingewilligt haben, st\u00fctzt sich die Datenverarbeitung auf Art. 6 Abs. 1 Buchstabe a DSGVO.<\/p><p><strong>Empf\u00e4nger von personenbezogenen Daten\u00a0<\/strong><br \/>Soweit Ihre Daten elektronisch verarbeitet werden, erfolgt der technische Betrieb unserer Datenverarbeitungssysteme durch\u00a0<br \/><strong>STRATO AG<\/strong><br \/><strong>Pascalstra\u00dfe 10<\/strong><br \/><strong>10587 Berlin\u00a0<\/strong><br \/><strong>Impressum@strato.de<\/strong><\/p><p>Gegebenenfalls werden Ihre Daten an die zust\u00e4ndigen Aufsichts- und Rechnungspr\u00fcfungsbeh\u00f6rden zur Wahrnehmung der jeweiligen Kontrollrechte \u00fcbermittelt.\u00a0<\/p><p>Zur Abwehr von Gefahren f\u00fcr die Sicherheit in der Informationstechnik k\u00f6nnen Protokolldaten auf Grundlage von Art. 12 des Bayerischen E-Government-Gesetzes an das Landesamt f\u00fcr Sicherheit in der Informationstechnik weitergeleitet werden (n\u00e4heres siehe unter \u201eProtokollierung\u201c).<\/p><p><strong>Dauer der Speicherung der personenbezogenen Daten\u00a0<\/strong><br \/>Ihre Daten werden nur so lange gespeichert, wie dies unter Beachtung gesetzlicher Aufbewahrungsfristen f\u00fcr zur Aufgabenerf\u00fcllung erforderlich ist.\u00a0<\/p><p><strong>Rechte der betroffenen Person<br \/><\/strong>Soweit wir von Ihnen personenbezogene Daten verarbeiten, stehen Ihnen als Betroffener nachfolgende Rechte zu:<\/p><ul><li>Werden Ihre personenbezogenen Daten verarbeitet, so haben Sie das Recht, Auskunft \u00fcber die zu Ihrer Person gespeicherten Daten zu erhalten (Art. 15 DSGVO).<\/li><li>Sollten unrichtige personenbezogene Daten verarbeitet werden, steht Ihnen ein Recht auf Berichtigung zu (Art. 16 DSGVO).<\/li><li>Liegen die gesetzlichen Voraussetzungen vor, so k\u00f6nnen Sie die L\u00f6schung oder Einschr\u00e4nkung der Verarbeitung verlangen, sowie Widerspruch gegen die Verarbeitung einlegen (Art. 17, 18 und 21 DSGVO).<\/li><li>Wenn Sie in die Verarbeitung eingewilligt haben oder ein Vertrag zur Datenverarbeitung besteht und die Datenverarbeitung mithilfe automatisierter Verfahren durchgef\u00fchrt wird, steht Ihnen gegebenenfalls ein Recht auf Daten\u00fcbertragbarkeit zu (Art. 20 DSGVO).<\/li><li>Falls Sie in die Verarbeitung eingewilligt haben und die Verarbeitung auf dieser Einwilligung beruht, k\u00f6nnen Sie die Einwilligung jederzeit f\u00fcr die Zukunft widerrufen. Die Rechtm\u00e4\u00dfigkeit der aufgrund der Einwilligung bis zum Widerruf erfolgten Datenverarbeitung wird durch diesen nicht ber\u00fchrt.<\/li><\/ul><p>Ausf\u00fchrlichere Informationen zu diesen Rechten erteilt Ihnen auch unser beh\u00f6rdlicher Datenschutzbeauftragter.<\/p><p><strong>Beschwerderecht bei der Aufsichtsbeh\u00f6rde<\/strong><br \/>Weiterhin besteht ein Beschwerderecht beim Bayerischen Landesbeauftragten f\u00fcr den Datenschutz. Diesen k\u00f6nnen Sie unter folgenden Kontaktdaten erreichen:<br \/>Postanschrift: Postfach 22 12 19, 80502 M\u00fcnchen \u00a0<br \/>Adresse:\u00a0 Wagm\u00fcllerstra\u00dfe 18, 80538 M\u00fcnchen \u00a0<br \/>Telefon:\u00a0 089 212672-0 \u00a0<br \/>Telefax:\u00a0 089 212672-50 \u00a0<br \/>E-Mail:\u00a0\u00a0 \u00a0poststelle@datenschutz-bayern.de<br \/>Internet: https:\/\/www.datenschutz-bayern.de\/<\/p><h3>Besondere Hinweise zum Internetangebot<\/h3><p><strong>Technische Umsetzung<\/strong><br \/>Unser Webserver wird durch die STRATO AG\u00a0 betrieben. Die von Ihnen im Rahmen des Besuchs unseres Webauftritts \u00fcbermittelten personenbezogenen Daten werden daher in unserem Auftrag durch STRATO AG verarbeitet:<br \/><strong>STRATO AG<\/strong><br \/><strong>Pascalstra\u00dfe 10<\/strong><br \/><strong>10587 Berlin\u00a0<\/strong><br \/><strong>Impressum@strato.de<\/strong><\/p><p><strong>Protokollierung<\/strong><br \/>Wenn Sie diese oder andere Internetseiten aufrufen, \u00fcbermitteln Sie \u00fcber Ihren Internetbrowser Daten an unseren Webserver. Die folgenden Daten werden w\u00e4hrend einer laufenden Verbindung zur Kommunikation zwischen Ihrem Internetbrowser und unserem Webserver aufgezeichnet:<\/p><ul><li>Datum und Uhrzeit der Anforderung<\/li><li>Name der angeforderten Datei<\/li><li>Seite, von der aus die Datei angefordert wurde<\/li><li>Zugriffsstatus (Datei \u00fcbertragen, Datei nicht gefunden, etc.)<\/li><li>verwendete Webbrowser und verwendetes Betriebssystem<\/li><li>vollst\u00e4ndige IP-Adresse des anfordernden Rechners<\/li><li>\u00fcbertragene Datenmenge.<\/li><\/ul><p>Nach Ende der Verbindung werden die Daten durch Verk\u00fcrzung der IP-Adresse auf Domain-Ebene anonymisiert, so dass es nicht mehr m\u00f6glich ist, einen Bezug auf einzelne Nutzer herzustellen.<\/p><p><strong>Aktive Komponenten<\/strong><br \/>Im Informationsangebot der\/des (Bezeichnung \u00f6ffentliche Stelle) werden aktive Komponenten wie Javascript, Java-Applets oder Active-X-Controls verwendet. Diese Funktion kann durch die Einstellung Ihres Internetbrowsers von Ihnen abgeschaltet werden.<\/p><p><strong>Cookies<\/strong><br \/>Beim Zugriff auf dieses Internetangebot werden von uns Cookies (kleine Dateien) auf Ihrer Festplatte gespeichert, die f\u00fcr die Dauer Ihres Besuches auf der Internetseite g\u00fcltig sind. Wir verwenden diese ausschlie\u00dflich dazu, Sie w\u00e4hrend Ihres Besuchs unserer Internetseite zu identifizieren. Die meisten Browser sind so eingestellt, dass sie die Verwendung von Cookies akzeptieren, diese Funktion kann aber durch die Einstellung des Internetbrowsers von Ihnen f\u00fcr die laufende Sitzung oder dauerhaft abgeschaltet werden. Nach Ende Ihres Besuches werden diese Cookies automatisch wieder von Ihrer Festplatte gel\u00f6scht.<\/p><p><strong>Einbindung von YouTube-Videos und SocialPlugins\u00a0<\/strong><br \/>Beim Besuch unserer Internetseite werden \u00fcber eine sogenannte Zwei-Klick-L\u00f6sung Zusatzdienste von YouTube und SocialPlugins (z.B. Twitter, Facebook und Google+) angeboten. Beim ersten Aufruf der Website werden keine Daten an die Betreiber \u00fcbermittelt. Erst nachdem die Nutzer auf (Name Internetadresse) durch einen entsprechenden Klick in das Opt-In-Verfahren eingewilligt haben, werden ab sofort und bei jedem weiteren Besuch Daten (unter anderem die URL der aktuellen Seite sowie die IP-Adresse des Nutzers) an den jeweiligen Betreiber \u00fcbertragen. Als Nutzer k\u00f6nnen Sie damit selbst entscheiden, ob sie der Aktivierung dieser Angebote und der Daten\u00fcbermittlung zustimmen. Der Nutzer kann diese Einwilligung jederzeit widerrufen und durch den entsprechenden Klick auf der Homepage die weitere Daten\u00fcbermittlung an die Betreiber unterbinden (Opt-In-Verfahren).\u00a0<\/p><p><strong>Einbindung von YouTube-Videos<\/strong><br \/>Auf unserer Webseite sind Videos der externen Videoplattform YouTube eingebunden. Standardm\u00e4\u00dfig werden dabei lediglich deaktivierte Bilder des YouTube-Kanals eingebettet, die keine automatisierte Verbindung mit den Servern von YouTube herstellen. Damit erh\u00e4lt der Betreiber beim Aufruf der Webseiten keine Daten vom Benutzer.\u00a0<br \/>Sie k\u00f6nnen selbst entscheiden, ob die YouTube-Videos aktiviert werden sollen. Erst wenn Sie das Abspielen der Videos mit Klick auf \u201eDauerhafte Aktivierung\u201c freigeben, erteilen Sie die Einwilligung, dass die daf\u00fcr erforderlichen Daten (unter anderem die Internetadresse der aktuellen Seite sowie die IP-Adresse des Anwenders) an den Betreiber \u00fcbermittelt werden.\u00a0<br \/>Um die vom Nutzer gew\u00fcnschte Einstellung zu speichern, wird von uns ein Cookie gesetzt, das die Parameter abspeichert. Beim Setzen dieser Cookies werden von uns allerdings keine personenbezogenen Daten gespeichert, sie enthalten lediglich anonymisierte Daten zur Anpassung des Browsers. Anschlie\u00dfend sind die Videos aktiv und k\u00f6nnen vom Nutzer abgespielt werden. M\u00f6chten Sie das automatische Laden der YouTube-Videos wieder deaktivieren, k\u00f6nnen Sie unter dem Datenschutz-Symbol das H\u00e4kchen f\u00fcr die Zustimmung wieder entfernen. Damit werden auch die Einstellungen des Cookies aktualisiert.<\/p><p><strong>Fotoaufnahmen<\/strong><br \/>Im Rahmen unserer Presse- und \u00d6ffentlichkeitsarbeit werden bei Veranstaltungen und Terminen Fotos aufgenommen, auf denen Sie gegebenenfalls erkennbar zu sehen sind. Der Aufnahme und\/oder einer Ver\u00f6ffentlichung k\u00f6nnen Sie widersprechen.\u00a0<br \/>Bitte nutzten Sie f\u00fcr Ihren Widerspruch die oben genannten Kontaktdaten.<\/p><\/div>\n\t\t\t\t<\/div>\n\t\t\t\t<\/div>\n\t\t\t\t\t\t<\/div>\n\t\t\t\t\t<\/div>\n\t\t<\/div>\n\t\t\t\t\t\t\t\t<\/div>\n\t\t\t\t\t<\/div>\n\t\t<\/section>\n\t\t\t\t\t\t<\/div>\n\t\t\t\t\t\t<\/div>\n\t\t\t\t\t<\/div>\n\t\t","protected":false},"excerpt":{"rendered":"<p>Datenschutzerkl\u00e4rung nach DSGVO Diese Datenschutzerkl\u00e4rung bezieht sich auf die Verarbeitung personenbezogener Daten im Rahmen dieses Internetauftritts, einschlie\u00dflich der dort angebotenen Dienste. F\u00fcr n\u00e4here Informationen zur Verarbeitung Ihrer personenbezogenen Daten k\u00f6nnen Sie uns unter den unten genannten Kontaktdaten erreichen. Allgemeine Hinweise Name und Kontaktdaten des Verantwortlichen Michael Stiegler (Rektor) Grundschule F\u00fcrth, Seeackerstra\u00dfe Carlo-Schmid-Str. 39 90765 F\u00fcrth [&hellip;]<\/p>\n","protected":false},"author":1,"featured_media":0,"parent":0,"menu_order":0,"comment_status":"closed","ping_status":"closed","template":"","meta":[],"_links":{"self":[{"href":"https:\/\/seeackerschule-fuerth.de\/index.php?rest_route=\/wp\/v2\/pages\/334"}],"collection":[{"href":"https:\/\/seeackerschule-fuerth.de\/index.php?rest_route=\/wp\/v2\/pages"}],"about":[{"href":"https:\/\/seeackerschule-fuerth.de\/index.php?rest_route=\/wp\/v2\/types\/page"}],"author":[{"embeddable":true,"href":"https:\/\/seeackerschule-fuerth.de\/index.php?rest_route=\/wp\/v2\/users\/1"}],"replies":[{"embeddable":true,"href":"https:\/\/seeackerschule-fuerth.de\/index.php?rest_route=%2Fwp%2Fv2%2Fcomments&post=334"}],"version-history":[{"count":8,"href":"https:\/\/seeackerschule-fuerth.de\/index.php?rest_route=\/wp\/v2\/pages\/334\/revisions"}],"predecessor-version":[{"id":863,"href":"https:\/\/seeackerschule-fuerth.de\/index.php?rest_route=\/wp\/v2\/pages\/334\/revisions\/863"}],"wp:attachment":[{"href":"https:\/\/seeackerschule-fuerth.de\/index.php?rest_route=%2Fwp%2Fv2%2Fmedia&parent=334"}],"curies":[{"name":"wp","href":"https:\/\/api.w.org\/{rel}","templated":true}]}}