{"id":413,"date":"2020-02-10T15:31:24","date_gmt":"2020-02-10T15:31:24","guid":{"rendered":"http:\/\/test.seeackerschule-fuerth.de\/?page_id=413"},"modified":"2020-02-19T15:52:12","modified_gmt":"2020-02-19T15:52:12","slug":"event-ag","status":"publish","type":"page","link":"https:\/\/seeackerschule-fuerth.de\/?page_id=413","title":{"rendered":"Event-AG"},"content":{"rendered":"\t\t<div data-elementor-type=\"wp-page\" data-elementor-id=\"413\" class=\"elementor elementor-413\" data-elementor-settings=\"[]\">\n\t\t\t\t\t\t<div class=\"elementor-inner\">\n\t\t\t\t\t\t\t<div class=\"elementor-section-wrap\">\n\t\t\t\t\t\t\t<section class=\"elementor-section elementor-top-section elementor-element elementor-element-70c651e elementor-section-boxed elementor-section-height-default elementor-section-height-default\" data-id=\"70c651e\" data-element_type=\"section\">\n\t\t\t\t\t\t<div class=\"elementor-container elementor-column-gap-default\">\n\t\t\t\t\t\t\t<div class=\"elementor-row\">\n\t\t\t\t\t<div class=\"elementor-column elementor-col-100 elementor-top-column elementor-element elementor-element-d0cfd54\" data-id=\"d0cfd54\" data-element_type=\"column\">\n\t\t\t<div class=\"elementor-column-wrap elementor-element-populated\">\n\t\t\t\t\t\t\t<div class=\"elementor-widget-wrap\">\n\t\t\t\t\t\t<div class=\"elementor-element elementor-element-3fa5b3e elementor-widget elementor-widget-heading\" data-id=\"3fa5b3e\" data-element_type=\"widget\" data-widget_type=\"heading.default\">\n\t\t\t\t<div class=\"elementor-widget-container\">\n\t\t\t<h2 class=\"elementor-heading-title elementor-size-default\">Event-AG<\/h2>\t\t<\/div>\n\t\t\t\t<\/div>\n\t\t\t\t<div class=\"elementor-element elementor-element-7c2320e elementor-widget elementor-widget-text-editor\" data-id=\"7c2320e\" data-element_type=\"widget\" data-widget_type=\"text-editor.default\">\n\t\t\t\t<div class=\"elementor-widget-container\">\n\t\t\t\t\t<div class=\"elementor-text-editor elementor-clearfix\"><p>In der Event AG befassen wir uns mit Jahresfesten und Feiertagen.\u00a0<span style=\"font-size: 16px;\">Mit Herz, Hand und Kopf beleuchten, gestalten und zelebrieren wir sie.<\/span><\/p><p>Zu Beginn des Schuljahres reden wir \u00fcber das Erntedankfest und pflanzen Kresse. Bei der anschlie\u00dfenden Feier d\u00fcrfen Obst und Kressebrot nat\u00fcrlich nicht fehlen!<br \/><span style=\"font-size: 16px;\">Zu Sankt Martin, Nikolaus, Weihnachten und Silvester basteln wir, h\u00f6ren Geschichten, zelebrieren Br\u00e4uche und spielen sehr viel.<br \/><\/span><span style=\"font-size: 16px;\">\u00dcber ernste Themen sprechen wir auch. Dies vor allem zum Totensonntag, an dem wir Briefe an unsere Verstorbenen schreiben und Medaillons gestalten.<br \/><\/span><span style=\"font-size: 16px;\">Grunds\u00e4tzlich gibt es in jeder AG-Stunde gen\u00fcgend Raum, um seine Gef\u00fchle zu beschreiben. Bei unseren Emoji-Runden h\u00f6ren wir einander zu. Nichts und niemand wird ausgelacht oder gewertet! Das ist uns wichtig und tut uns gut.<br \/><\/span><span style=\"font-size: 16px;\">Bevor die Kinder zum n\u00e4chsten Halbjahr in eine andere AG wechseln, gibt es immer ein gro\u00dfes Abschlussfest mit vielen Spielen, einem kleinen Geschenk und Airbrush-Tattoo&#8217;s!<\/span><\/p><p>Im zweiten Halbjahr feiern wir Fasching, basteln Osternester zum Aufh\u00e4ngen, machen eine Eier-Schatzsuche und gestalten Muttertagskarten mit Geheimschrift!<br \/><span style=\"font-size: 16px;\">Zu Christi Himmelfahrt d\u00fcrfen die Kinder einen Himmel gestalten, so wie sie sich ihn vorstellen und wir sammeln Ideen, wie wir zum \u201eHimmel auf Erden\u201c beitragen k\u00f6nnen.<br \/><\/span><span style=\"font-size: 16px;\">Im Sommer machen wir dann ein Picknick.\u00a0<\/span><span style=\"font-size: 16px;\">Sehr gerne gehen wir auch mal auf den Spielplatz oder Eis essen.<\/span><\/p><p>In der Event-AG sind wir ein tolles Team und f\u00fcreinander da! Au\u00dferdem haben wir jede Menge Spa\u00df zusammen!<\/p><\/div>\n\t\t\t\t<\/div>\n\t\t\t\t<\/div>\n\t\t\t\t\t\t<\/div>\n\t\t\t\t\t<\/div>\n\t\t<\/div>\n\t\t\t\t\t\t\t\t<\/div>\n\t\t\t\t\t<\/div>\n\t\t<\/section>\n\t\t\t\t<section class=\"elementor-section elementor-top-section elementor-element elementor-element-16cc19a elementor-section-boxed elementor-section-height-default elementor-section-height-default\" data-id=\"16cc19a\" data-element_type=\"section\">\n\t\t\t\t\t\t<div class=\"elementor-container elementor-column-gap-default\">\n\t\t\t\t\t\t\t<div class=\"elementor-row\">\n\t\t\t\t\t<div class=\"elementor-column elementor-col-50 elementor-top-column elementor-element elementor-element-ef8fb3d\" data-id=\"ef8fb3d\" data-element_type=\"column\">\n\t\t\t<div class=\"elementor-column-wrap elementor-element-populated\">\n\t\t\t\t\t\t\t<div class=\"elementor-widget-wrap\">\n\t\t\t\t\t\t<div class=\"elementor-element elementor-element-c70e480 elementor-widget elementor-widget-image\" data-id=\"c70e480\" data-element_type=\"widget\" data-widget_type=\"image.default\">\n\t\t\t\t<div class=\"elementor-widget-container\">\n\t\t\t\t\t<div class=\"elementor-image\">\n\t\t\t\t\t\t\t\t\t\t<img width=\"1600\" height=\"1200\" src=\"https:\/\/seeackerschule-fuerth.de\/wp-content\/uploads\/2020\/02\/IMG-20190708-WA0119-e1581349219531.jpg\" class=\"attachment-full size-full\" alt=\"\" loading=\"lazy\" srcset=\"https:\/\/seeackerschule-fuerth.de\/wp-content\/uploads\/2020\/02\/IMG-20190708-WA0119-e1581349219531.jpg 1600w, https:\/\/seeackerschule-fuerth.de\/wp-content\/uploads\/2020\/02\/IMG-20190708-WA0119-e1581349219531-300x225.jpg 300w, https:\/\/seeackerschule-fuerth.de\/wp-content\/uploads\/2020\/02\/IMG-20190708-WA0119-e1581349219531-768x576.jpg 768w, https:\/\/seeackerschule-fuerth.de\/wp-content\/uploads\/2020\/02\/IMG-20190708-WA0119-e1581349219531-1024x768.jpg 1024w\" sizes=\"(max-width: 1600px) 100vw, 1600px\" \/>\t\t\t\t\t\t\t\t\t\t\t<\/div>\n\t\t\t\t<\/div>\n\t\t\t\t<\/div>\n\t\t\t\t\t\t<\/div>\n\t\t\t\t\t<\/div>\n\t\t<\/div>\n\t\t\t\t<div class=\"elementor-column elementor-col-50 elementor-top-column elementor-element elementor-element-3d847ab\" data-id=\"3d847ab\" data-element_type=\"column\">\n\t\t\t<div class=\"elementor-column-wrap elementor-element-populated\">\n\t\t\t\t\t\t\t<div class=\"elementor-widget-wrap\">\n\t\t\t\t\t\t<div class=\"elementor-element elementor-element-2f3d4a1 elementor-widget elementor-widget-image\" data-id=\"2f3d4a1\" data-element_type=\"widget\" data-widget_type=\"image.default\">\n\t\t\t\t<div class=\"elementor-widget-container\">\n\t\t\t\t\t<div class=\"elementor-image\">\n\t\t\t\t\t\t\t\t\t\t<img width=\"1024\" height=\"768\" src=\"https:\/\/seeackerschule-fuerth.de\/wp-content\/uploads\/2020\/02\/IMG-20190708-WA0014-1024x768.jpg\" class=\"attachment-large size-large\" alt=\"\" loading=\"lazy\" srcset=\"https:\/\/seeackerschule-fuerth.de\/wp-content\/uploads\/2020\/02\/IMG-20190708-WA0014-1024x768.jpg 1024w, https:\/\/seeackerschule-fuerth.de\/wp-content\/uploads\/2020\/02\/IMG-20190708-WA0014-300x225.jpg 300w, https:\/\/seeackerschule-fuerth.de\/wp-content\/uploads\/2020\/02\/IMG-20190708-WA0014-768x576.jpg 768w, https:\/\/seeackerschule-fuerth.de\/wp-content\/uploads\/2020\/02\/IMG-20190708-WA0014.jpg 1600w\" sizes=\"(max-width: 1024px) 100vw, 1024px\" \/>\t\t\t\t\t\t\t\t\t\t\t<\/div>\n\t\t\t\t<\/div>\n\t\t\t\t<\/div>\n\t\t\t\t\t\t<\/div>\n\t\t\t\t\t<\/div>\n\t\t<\/div>\n\t\t\t\t\t\t\t\t<\/div>\n\t\t\t\t\t<\/div>\n\t\t<\/section>\n\t\t\t\t<section class=\"elementor-section elementor-top-section elementor-element elementor-element-1cbfacf elementor-section-boxed elementor-section-height-default elementor-section-height-default\" data-id=\"1cbfacf\" data-element_type=\"section\">\n\t\t\t\t\t\t<div class=\"elementor-container elementor-column-gap-default\">\n\t\t\t\t\t\t\t<div class=\"elementor-row\">\n\t\t\t\t\t<div class=\"elementor-column elementor-col-25 elementor-top-column elementor-element elementor-element-413dc2a\" data-id=\"413dc2a\" data-element_type=\"column\">\n\t\t\t<div class=\"elementor-column-wrap elementor-element-populated\">\n\t\t\t\t\t\t\t<div class=\"elementor-widget-wrap\">\n\t\t\t\t\t\t<div class=\"elementor-element elementor-element-956f02a elementor-widget elementor-widget-image\" data-id=\"956f02a\" data-element_type=\"widget\" data-widget_type=\"image.default\">\n\t\t\t\t<div class=\"elementor-widget-container\">\n\t\t\t\t\t<div class=\"elementor-image\">\n\t\t\t\t\t\t\t\t\t\t<img width=\"768\" height=\"1024\" src=\"https:\/\/seeackerschule-fuerth.de\/wp-content\/uploads\/2020\/02\/thumbnail_20191025_165206-768x1024.jpg\" class=\"attachment-large size-large\" alt=\"\" loading=\"lazy\" srcset=\"https:\/\/seeackerschule-fuerth.de\/wp-content\/uploads\/2020\/02\/thumbnail_20191025_165206-768x1024.jpg 768w, https:\/\/seeackerschule-fuerth.de\/wp-content\/uploads\/2020\/02\/thumbnail_20191025_165206-225x300.jpg 225w, https:\/\/seeackerschule-fuerth.de\/wp-content\/uploads\/2020\/02\/thumbnail_20191025_165206.jpg 960w\" sizes=\"(max-width: 768px) 100vw, 768px\" \/>\t\t\t\t\t\t\t\t\t\t\t<\/div>\n\t\t\t\t<\/div>\n\t\t\t\t<\/div>\n\t\t\t\t\t\t<\/div>\n\t\t\t\t\t<\/div>\n\t\t<\/div>\n\t\t\t\t<div class=\"elementor-column elementor-col-25 elementor-top-column elementor-element elementor-element-72ede75\" data-id=\"72ede75\" data-element_type=\"column\">\n\t\t\t<div class=\"elementor-column-wrap elementor-element-populated\">\n\t\t\t\t\t\t\t<div class=\"elementor-widget-wrap\">\n\t\t\t\t\t\t<div class=\"elementor-element elementor-element-812d9db elementor-widget elementor-widget-image\" data-id=\"812d9db\" data-element_type=\"widget\" data-widget_type=\"image.default\">\n\t\t\t\t<div class=\"elementor-widget-container\">\n\t\t\t\t\t<div class=\"elementor-image\">\n\t\t\t\t\t\t\t\t\t\t<img width=\"768\" height=\"1024\" src=\"https:\/\/seeackerschule-fuerth.de\/wp-content\/uploads\/2020\/02\/thumbnail_20181026_173037-768x1024.jpg\" class=\"attachment-large size-large\" alt=\"\" loading=\"lazy\" srcset=\"https:\/\/seeackerschule-fuerth.de\/wp-content\/uploads\/2020\/02\/thumbnail_20181026_173037-768x1024.jpg 768w, https:\/\/seeackerschule-fuerth.de\/wp-content\/uploads\/2020\/02\/thumbnail_20181026_173037-225x300.jpg 225w, https:\/\/seeackerschule-fuerth.de\/wp-content\/uploads\/2020\/02\/thumbnail_20181026_173037.jpg 960w\" sizes=\"(max-width: 768px) 100vw, 768px\" \/>\t\t\t\t\t\t\t\t\t\t\t<\/div>\n\t\t\t\t<\/div>\n\t\t\t\t<\/div>\n\t\t\t\t\t\t<\/div>\n\t\t\t\t\t<\/div>\n\t\t<\/div>\n\t\t\t\t<div class=\"elementor-column elementor-col-25 elementor-top-column elementor-element elementor-element-c47d94d\" data-id=\"c47d94d\" data-element_type=\"column\">\n\t\t\t<div class=\"elementor-column-wrap elementor-element-populated\">\n\t\t\t\t\t\t\t<div class=\"elementor-widget-wrap\">\n\t\t\t\t\t\t<div class=\"elementor-element elementor-element-1410885 elementor-widget elementor-widget-image\" data-id=\"1410885\" data-element_type=\"widget\" data-widget_type=\"image.default\">\n\t\t\t\t<div class=\"elementor-widget-container\">\n\t\t\t\t\t<div class=\"elementor-image\">\n\t\t\t\t\t\t\t\t\t\t<img width=\"768\" height=\"1024\" src=\"https:\/\/seeackerschule-fuerth.de\/wp-content\/uploads\/2020\/02\/IMG-20190708-WA0131-768x1024.jpg\" class=\"attachment-large size-large\" alt=\"\" loading=\"lazy\" srcset=\"https:\/\/seeackerschule-fuerth.de\/wp-content\/uploads\/2020\/02\/IMG-20190708-WA0131-768x1024.jpg 768w, https:\/\/seeackerschule-fuerth.de\/wp-content\/uploads\/2020\/02\/IMG-20190708-WA0131-225x300.jpg 225w, https:\/\/seeackerschule-fuerth.de\/wp-content\/uploads\/2020\/02\/IMG-20190708-WA0131.jpg 1200w\" sizes=\"(max-width: 768px) 100vw, 768px\" \/>\t\t\t\t\t\t\t\t\t\t\t<\/div>\n\t\t\t\t<\/div>\n\t\t\t\t<\/div>\n\t\t\t\t\t\t<\/div>\n\t\t\t\t\t<\/div>\n\t\t<\/div>\n\t\t\t\t<div class=\"elementor-column elementor-col-25 elementor-top-column elementor-element elementor-element-7ed8965\" data-id=\"7ed8965\" data-element_type=\"column\">\n\t\t\t<div class=\"elementor-column-wrap elementor-element-populated\">\n\t\t\t\t\t\t\t<div class=\"elementor-widget-wrap\">\n\t\t\t\t\t\t<div class=\"elementor-element elementor-element-de5d908 elementor-widget elementor-widget-image\" data-id=\"de5d908\" data-element_type=\"widget\" data-widget_type=\"image.default\">\n\t\t\t\t<div class=\"elementor-widget-container\">\n\t\t\t\t\t<div class=\"elementor-image\">\n\t\t\t\t\t\t\t\t\t\t<img width=\"768\" height=\"1024\" src=\"https:\/\/seeackerschule-fuerth.de\/wp-content\/uploads\/2020\/02\/IMG-20190708-WA0047-768x1024.jpg\" class=\"attachment-large size-large\" alt=\"\" loading=\"lazy\" srcset=\"https:\/\/seeackerschule-fuerth.de\/wp-content\/uploads\/2020\/02\/IMG-20190708-WA0047-768x1024.jpg 768w, https:\/\/seeackerschule-fuerth.de\/wp-content\/uploads\/2020\/02\/IMG-20190708-WA0047-225x300.jpg 225w, https:\/\/seeackerschule-fuerth.de\/wp-content\/uploads\/2020\/02\/IMG-20190708-WA0047.jpg 1200w\" sizes=\"(max-width: 768px) 100vw, 768px\" \/>\t\t\t\t\t\t\t\t\t\t\t<\/div>\n\t\t\t\t<\/div>\n\t\t\t\t<\/div>\n\t\t\t\t\t\t<\/div>\n\t\t\t\t\t<\/div>\n\t\t<\/div>\n\t\t\t\t\t\t\t\t<\/div>\n\t\t\t\t\t<\/div>\n\t\t<\/section>\n\t\t\t\t\t\t<\/div>\n\t\t\t\t\t\t<\/div>\n\t\t\t\t\t<\/div>\n\t\t","protected":false},"excerpt":{"rendered":"<p>Event-AG In der Event AG befassen wir uns mit Jahresfesten und Feiertagen.\u00a0Mit Herz, Hand und Kopf beleuchten, gestalten und zelebrieren wir sie. Zu Beginn des Schuljahres reden wir \u00fcber das Erntedankfest und pflanzen Kresse. Bei der anschlie\u00dfenden Feier d\u00fcrfen Obst und Kressebrot nat\u00fcrlich nicht fehlen!Zu Sankt Martin, Nikolaus, Weihnachten und Silvester basteln wir, h\u00f6ren Geschichten, [&hellip;]<\/p>\n","protected":false},"author":1,"featured_media":0,"parent":0,"menu_order":0,"comment_status":"closed","ping_status":"closed","template":"","meta":[],"_links":{"self":[{"href":"https:\/\/seeackerschule-fuerth.de\/index.php?rest_route=\/wp\/v2\/pages\/413"}],"collection":[{"href":"https:\/\/seeackerschule-fuerth.de\/index.php?rest_route=\/wp\/v2\/pages"}],"about":[{"href":"https:\/\/seeackerschule-fuerth.de\/index.php?rest_route=\/wp\/v2\/types\/page"}],"author":[{"embeddable":true,"href":"https:\/\/seeackerschule-fuerth.de\/index.php?rest_route=\/wp\/v2\/users\/1"}],"replies":[{"embeddable":true,"href":"https:\/\/seeackerschule-fuerth.de\/index.php?rest_route=%2Fwp%2Fv2%2Fcomments&post=413"}],"version-history":[{"count":8,"href":"https:\/\/seeackerschule-fuerth.de\/index.php?rest_route=\/wp\/v2\/pages\/413\/revisions"}],"predecessor-version":[{"id":475,"href":"https:\/\/seeackerschule-fuerth.de\/index.php?rest_route=\/wp\/v2\/pages\/413\/revisions\/475"}],"wp:attachment":[{"href":"https:\/\/seeackerschule-fuerth.de\/index.php?rest_route=%2Fwp%2Fv2%2Fmedia&parent=413"}],"curies":[{"name":"wp","href":"https:\/\/api.w.org\/{rel}","templated":true}]}}