{"id":624,"date":"2020-03-18T08:38:21","date_gmt":"2020-03-18T08:38:21","guid":{"rendered":"https:\/\/seeackerschule-fuerth.de\/?page_id=624"},"modified":"2020-05-07T14:39:20","modified_gmt":"2020-05-07T14:39:20","slug":"formulare","status":"publish","type":"page","link":"https:\/\/seeackerschule-fuerth.de\/?page_id=624","title":{"rendered":"Formulare"},"content":{"rendered":"\t\t<div data-elementor-type=\"wp-page\" data-elementor-id=\"624\" class=\"elementor elementor-624\" data-elementor-settings=\"[]\">\n\t\t\t\t\t\t<div class=\"elementor-inner\">\n\t\t\t\t\t\t\t<div class=\"elementor-section-wrap\">\n\t\t\t\t\t\t\t<section class=\"elementor-section elementor-top-section elementor-element elementor-element-36cebdb elementor-section-boxed elementor-section-height-default elementor-section-height-default\" data-id=\"36cebdb\" data-element_type=\"section\">\n\t\t\t\t\t\t<div class=\"elementor-container elementor-column-gap-default\">\n\t\t\t\t\t\t\t<div class=\"elementor-row\">\n\t\t\t\t\t<div class=\"elementor-column elementor-col-100 elementor-top-column elementor-element elementor-element-a45e482\" data-id=\"a45e482\" data-element_type=\"column\">\n\t\t\t<div class=\"elementor-column-wrap elementor-element-populated\">\n\t\t\t\t\t\t\t<div class=\"elementor-widget-wrap\">\n\t\t\t\t\t\t<div class=\"elementor-element elementor-element-893671e elementor-widget elementor-widget-heading\" data-id=\"893671e\" data-element_type=\"widget\" data-widget_type=\"heading.default\">\n\t\t\t\t<div class=\"elementor-widget-container\">\n\t\t\t<h2 class=\"elementor-heading-title elementor-size-default\">Formulare<\/h2>\t\t<\/div>\n\t\t\t\t<\/div>\n\t\t\t\t<div class=\"elementor-element elementor-element-22ea387 elementor-widget elementor-widget-text-editor\" data-id=\"22ea387\" data-element_type=\"widget\" data-widget_type=\"text-editor.default\">\n\t\t\t\t<div class=\"elementor-widget-container\">\n\t\t\t\t\t<div class=\"elementor-text-editor elementor-clearfix\"><p>Alle wichtigen Formulare finden Sie hier:<br \/><br \/><\/p><p><span style=\"text-decoration: underline;\">Formulare f\u00fcr die Schulanmeldung:<\/span><\/p><ul><li><a href=\"https:\/\/seeackerschule-fuerth.de\/wp-content\/uploads\/2020\/03\/Verbindliche-Anmeldung-Ganztagsklasse-20-21.pdf\" target=\"_blank\" rel=\"noopener\">Anmeldung gebundener Ganztag 20\/21<\/a><\/li><li><a href=\"https:\/\/seeackerschule-fuerth.de\/wp-content\/uploads\/2020\/03\/Anmeldeformular-OGT-GS-Seeacker-20-21.pdf\" target=\"_blank\" rel=\"noopener\">Anmeldung f\u00fcr den offenen Ganztag 20\/21<\/a><\/li><li><a href=\"https:\/\/seeackerschule-fuerth.de\/wp-content\/uploads\/2020\/03\/Anlage-4-Formular-Korridorkinder.pdf\" target=\"_blank\" rel=\"noopener\">Formular Korridorkinder<\/a><\/li><li><a href=\"https:\/\/seeackerschule-fuerth.de\/wp-content\/uploads\/2020\/03\/Datenschutzerkl\u00e4rung-Ver\u00f6ffentlichung.pdf\" target=\"_blank\" rel=\"noopener\">Datenschutzerkl\u00e4rung Ver\u00f6ffentlichung<\/a><\/li><\/ul><p>Das Formular zur Anmeldung der Anschlussbetreuung k\u00f6nnen Sie im Sekretariat anfordern.<br \/><br \/><\/p><p><span style=\"text-decoration: underline;\">Weitere Formulare:<\/span><\/p><ul><li><a href=\"https:\/\/service-on.fuerth.de\/form\/alias\/fuerth\/erfassungsbogen-kostenfreiheit-schulweg\/\" target=\"_blank\" rel=\"noopener\">Erfassungsbogen Kostenfreiheit Schulweg<\/a><\/li><\/ul><\/div>\n\t\t\t\t<\/div>\n\t\t\t\t<\/div>\n\t\t\t\t\t\t<\/div>\n\t\t\t\t\t<\/div>\n\t\t<\/div>\n\t\t\t\t\t\t\t\t<\/div>\n\t\t\t\t\t<\/div>\n\t\t<\/section>\n\t\t\t\t\t\t<\/div>\n\t\t\t\t\t\t<\/div>\n\t\t\t\t\t<\/div>\n\t\t","protected":false},"excerpt":{"rendered":"<p>Formulare Alle wichtigen Formulare finden Sie hier: Formulare f\u00fcr die Schulanmeldung: Anmeldung gebundener Ganztag 20\/21 Anmeldung f\u00fcr den offenen Ganztag 20\/21 Formular Korridorkinder Datenschutzerkl\u00e4rung Ver\u00f6ffentlichung Das Formular zur Anmeldung der Anschlussbetreuung k\u00f6nnen Sie im Sekretariat anfordern. Weitere Formulare: Erfassungsbogen Kostenfreiheit Schulweg<\/p>\n","protected":false},"author":1,"featured_media":0,"parent":0,"menu_order":0,"comment_status":"closed","ping_status":"closed","template":"","meta":[],"_links":{"self":[{"href":"https:\/\/seeackerschule-fuerth.de\/index.php?rest_route=\/wp\/v2\/pages\/624"}],"collection":[{"href":"https:\/\/seeackerschule-fuerth.de\/index.php?rest_route=\/wp\/v2\/pages"}],"about":[{"href":"https:\/\/seeackerschule-fuerth.de\/index.php?rest_route=\/wp\/v2\/types\/page"}],"author":[{"embeddable":true,"href":"https:\/\/seeackerschule-fuerth.de\/index.php?rest_route=\/wp\/v2\/users\/1"}],"replies":[{"embeddable":true,"href":"https:\/\/seeackerschule-fuerth.de\/index.php?rest_route=%2Fwp%2Fv2%2Fcomments&post=624"}],"version-history":[{"count":12,"href":"https:\/\/seeackerschule-fuerth.de\/index.php?rest_route=\/wp\/v2\/pages\/624\/revisions"}],"predecessor-version":[{"id":728,"href":"https:\/\/seeackerschule-fuerth.de\/index.php?rest_route=\/wp\/v2\/pages\/624\/revisions\/728"}],"wp:attachment":[{"href":"https:\/\/seeackerschule-fuerth.de\/index.php?rest_route=%2Fwp%2Fv2%2Fmedia&parent=624"}],"curies":[{"name":"wp","href":"https:\/\/api.w.org\/{rel}","templated":true}]}}